{"id":7298,"date":"2023-03-31T17:34:55","date_gmt":"2023-03-31T15:34:55","guid":{"rendered":"https:\/\/www.microtecnicatrevisana.com\/robotik-kontrollstationen\/"},"modified":"2025-12-10T15:55:27","modified_gmt":"2025-12-10T14:55:27","slug":"robotik-kontrollstationen","status":"publish","type":"page","link":"https:\/\/www.microtecnicatrevisana.com\/de\/robotik-kontrollstationen\/","title":{"rendered":"Robotik-Kontrollstationen"},"content":{"rendered":"\t\t<div data-elementor-type=\"wp-page\" data-elementor-id=\"7298\" class=\"elementor elementor-7298 elementor-4985\" data-elementor-post-type=\"page\">\n\t\t\t\t\t\t<section class=\"elementor-section elementor-top-section elementor-element elementor-element-4e731da elementor-section-height-min-height elementor-section-items-bottom elementor-section-full_width elementor-section-height-default\" data-id=\"4e731da\" data-element_type=\"section\" data-e-type=\"section\" data-settings=\"{&quot;background_background&quot;:&quot;classic&quot;}\">\n\t\t\t\t\t\t<div class=\"elementor-container elementor-column-gap-default\">\n\t\t\t\t\t<div class=\"elementor-column elementor-col-50 elementor-top-column elementor-element elementor-element-50d8703\" data-id=\"50d8703\" data-element_type=\"column\" data-e-type=\"column\">\n\t\t\t<div class=\"elementor-widget-wrap elementor-element-populated\">\n\t\t\t\t\t\t<div class=\"elementor-element elementor-element-acad296 elementor-widget elementor-widget-heading\" data-id=\"acad296\" data-element_type=\"widget\" data-e-type=\"widget\" data-widget_type=\"heading.default\">\n\t\t\t\t<div class=\"elementor-widget-container\">\n\t\t\t\t\t<p class=\"elementor-heading-title elementor-size-default\">Robotik-Kontrollstationen<\/p>\t\t\t\t<\/div>\n\t\t\t\t<\/div>\n\t\t\t\t\t<\/div>\n\t\t<\/div>\n\t\t\t\t<div class=\"elementor-column elementor-col-50 elementor-top-column elementor-element elementor-element-f1a39c1\" data-id=\"f1a39c1\" data-element_type=\"column\" data-e-type=\"column\">\n\t\t\t<div class=\"elementor-widget-wrap\">\n\t\t\t\t\t\t\t<\/div>\n\t\t<\/div>\n\t\t\t\t\t<\/div>\n\t\t<\/section>\n\t\t\t\t<section class=\"elementor-section elementor-top-section elementor-element elementor-element-9cfc4b8 elementor-section-full_width elementor-section-height-default elementor-section-height-default\" data-id=\"9cfc4b8\" data-element_type=\"section\" data-e-type=\"section\">\n\t\t\t\t\t\t<div class=\"elementor-container elementor-column-gap-no\">\n\t\t\t\t\t<div class=\"elementor-column elementor-col-50 elementor-top-column elementor-element elementor-element-ac0b700 animated-fast elementor-invisible\" data-id=\"ac0b700\" data-element_type=\"column\" data-e-type=\"column\" data-settings=\"{&quot;animation&quot;:&quot;slideInLeft&quot;}\">\n\t\t\t<div class=\"elementor-widget-wrap elementor-element-populated\">\n\t\t\t\t\t\t<div class=\"elementor-element elementor-element-7314308 elementor-widget elementor-widget-heading\" data-id=\"7314308\" data-element_type=\"widget\" data-e-type=\"widget\" data-widget_type=\"heading.default\">\n\t\t\t\t<div class=\"elementor-widget-container\">\n\t\t\t\t\t<h1 class=\"elementor-heading-title elementor-size-default\">Die Roboter von Microtecnica Trevisana<\/h1>\t\t\t\t<\/div>\n\t\t\t\t<\/div>\n\t\t\t\t<div class=\"elementor-element elementor-element-22f9dff elementor-widget elementor-widget-text-editor\" data-id=\"22f9dff\" data-element_type=\"widget\" data-e-type=\"widget\" data-settings=\"{&quot;_animation&quot;:&quot;none&quot;,&quot;_animation_delay&quot;:500}\" data-widget_type=\"text-editor.default\">\n\t\t\t\t<div class=\"elementor-widget-container\">\n\t\t\t\t\t\t\t\t\t<p>Die REA-Roboterinsel maximiert, beschleunigt und vereinfacht die Produktion und garantiert einen hohen, pr\u00e4zisen und zuverl\u00e4ssigen Grad an Kontrolle sowie Flexibilit\u00e4t und Umprogrammierbarkeit, ohne dabei die Gesundheit und Sicherheit f\u00fcr den Bediener und die Umwelt zu vergessen.<\/p>\n<p>Das hohe Ma\u00df an Technologie erm\u00f6glicht es Microtecnica Trevisana, die Anforderungen der Industrie 4.0 vollst\u00e4ndig zu erf\u00fcllen.<\/p>\n\t\t\t\t\t\t\t\t<\/div>\n\t\t\t\t<\/div>\n\t\t\t\t\t<\/div>\n\t\t<\/div>\n\t\t\t\t<div class=\"elementor-column elementor-col-50 elementor-top-column elementor-element elementor-element-fe843f5 animated-fast elementor-invisible\" data-id=\"fe843f5\" data-element_type=\"column\" data-e-type=\"column\" data-settings=\"{&quot;background_background&quot;:&quot;slideshow&quot;,&quot;background_slideshow_gallery&quot;:[{&quot;id&quot;:4990,&quot;url&quot;:&quot;https:\\\/\\\/www.microtecnicatrevisana.com\\\/wp-content\\\/uploads\\\/2022\\\/07\\\/robot.jpg&quot;},{&quot;id&quot;:4996,&quot;url&quot;:&quot;https:\\\/\\\/www.microtecnicatrevisana.com\\\/wp-content\\\/uploads\\\/2022\\\/07\\\/robot3.jpg&quot;}],&quot;animation&quot;:&quot;slideInRight&quot;,&quot;background_slideshow_slide_duration&quot;:2500,&quot;background_slideshow_loop&quot;:&quot;yes&quot;,&quot;background_slideshow_slide_transition&quot;:&quot;fade&quot;,&quot;background_slideshow_transition_duration&quot;:500}\">\n\t\t\t<div class=\"elementor-widget-wrap elementor-element-populated\">\n\t\t\t\t\t\t<div class=\"elementor-element elementor-element-ee83286 elementor-widget elementor-widget-spacer\" data-id=\"ee83286\" data-element_type=\"widget\" data-e-type=\"widget\" data-widget_type=\"spacer.default\">\n\t\t\t\t<div class=\"elementor-widget-container\">\n\t\t\t\t\t\t\t<div class=\"elementor-spacer\">\n\t\t\t<div class=\"elementor-spacer-inner\"><\/div>\n\t\t<\/div>\n\t\t\t\t\t\t<\/div>\n\t\t\t\t<\/div>\n\t\t\t\t\t<\/div>\n\t\t<\/div>\n\t\t\t\t\t<\/div>\n\t\t<\/section>\n\t\t\t\t<section class=\"elementor-section elementor-top-section elementor-element elementor-element-f928181 elementor-section-full_width elementor-section-height-default elementor-section-height-default\" data-id=\"f928181\" data-element_type=\"section\" data-e-type=\"section\" data-settings=\"{&quot;background_background&quot;:&quot;classic&quot;}\">\n\t\t\t\t\t\t<div class=\"elementor-container elementor-column-gap-no\">\n\t\t\t\t\t<div class=\"elementor-column elementor-col-50 elementor-top-column elementor-element elementor-element-6182118 animated-fast elementor-invisible\" data-id=\"6182118\" data-element_type=\"column\" data-e-type=\"column\" data-settings=\"{&quot;animation&quot;:&quot;slideInLeft&quot;}\">\n\t\t\t<div class=\"elementor-widget-wrap elementor-element-populated\">\n\t\t\t\t\t\t<div class=\"elementor-element elementor-element-14280b1 elementor-widget elementor-widget-video\" data-id=\"14280b1\" data-element_type=\"widget\" data-e-type=\"widget\" data-settings=\"{&quot;youtube_url&quot;:&quot;https:\\\/\\\/www.youtube.com\\\/watch?v=VSE1ISbB9TY&quot;,&quot;loop&quot;:&quot;yes&quot;,&quot;video_type&quot;:&quot;youtube&quot;,&quot;controls&quot;:&quot;yes&quot;}\" data-widget_type=\"video.default\">\n\t\t\t\t<div class=\"elementor-widget-container\">\n\t\t\t\t\t\t\t<div class=\"elementor-wrapper elementor-open-inline\">\n\t\t\t<div class=\"elementor-video\"><\/div>\t\t<\/div>\n\t\t\t\t\t\t<\/div>\n\t\t\t\t<\/div>\n\t\t\t\t\t<\/div>\n\t\t<\/div>\n\t\t\t\t<div class=\"elementor-column elementor-col-50 elementor-top-column elementor-element elementor-element-f6d13c1 animated-fast elementor-invisible\" data-id=\"f6d13c1\" data-element_type=\"column\" data-e-type=\"column\" data-settings=\"{&quot;animation&quot;:&quot;slideInLeft&quot;}\">\n\t\t\t<div class=\"elementor-widget-wrap elementor-element-populated\">\n\t\t\t\t\t\t<div class=\"elementor-element elementor-element-049454e elementor-widget elementor-widget-video\" data-id=\"049454e\" data-element_type=\"widget\" data-e-type=\"widget\" data-settings=\"{&quot;youtube_url&quot;:&quot;https:\\\/\\\/www.youtube.com\\\/shorts\\\/_-Y3Qhg4UDI&quot;,&quot;loop&quot;:&quot;yes&quot;,&quot;video_type&quot;:&quot;youtube&quot;,&quot;controls&quot;:&quot;yes&quot;}\" data-widget_type=\"video.default\">\n\t\t\t\t<div class=\"elementor-widget-container\">\n\t\t\t\t\t\t\t<div class=\"elementor-wrapper elementor-open-inline\">\n\t\t\t<div class=\"elementor-video\"><\/div>\t\t<\/div>\n\t\t\t\t\t\t<\/div>\n\t\t\t\t<\/div>\n\t\t\t\t\t<\/div>\n\t\t<\/div>\n\t\t\t\t\t<\/div>\n\t\t<\/section>\n\t\t\t\t<section class=\"elementor-section elementor-top-section elementor-element elementor-element-fa9a4e2 elementor-section-full_width elementor-section-height-default elementor-section-height-default\" data-id=\"fa9a4e2\" data-element_type=\"section\" data-e-type=\"section\">\n\t\t\t\t\t\t<div class=\"elementor-container elementor-column-gap-no\">\n\t\t\t\t\t<div class=\"elementor-column elementor-col-100 elementor-top-column elementor-element elementor-element-39cd276\" data-id=\"39cd276\" data-element_type=\"column\" data-e-type=\"column\">\n\t\t\t<div class=\"elementor-widget-wrap elementor-element-populated\">\n\t\t\t\t\t\t<div class=\"elementor-element elementor-element-8e808fa elementor-widget elementor-widget-gallery\" data-id=\"8e808fa\" data-element_type=\"widget\" data-e-type=\"widget\" data-settings=\"{&quot;columns&quot;:3,&quot;gap&quot;:{&quot;unit&quot;:&quot;px&quot;,&quot;size&quot;:3,&quot;sizes&quot;:[]},&quot;gap_tablet&quot;:{&quot;unit&quot;:&quot;px&quot;,&quot;size&quot;:3,&quot;sizes&quot;:[]},&quot;gap_mobile&quot;:{&quot;unit&quot;:&quot;px&quot;,&quot;size&quot;:3,&quot;sizes&quot;:[]},&quot;columns_tablet&quot;:3,&quot;image_hover_animation&quot;:&quot;grow&quot;,&quot;lazyload&quot;:&quot;yes&quot;,&quot;gallery_layout&quot;:&quot;grid&quot;,&quot;columns_mobile&quot;:1,&quot;link_to&quot;:&quot;file&quot;,&quot;aspect_ratio&quot;:&quot;3:2&quot;,&quot;overlay_background&quot;:&quot;yes&quot;,&quot;content_hover_animation&quot;:&quot;fade-in&quot;}\" data-widget_type=\"gallery.default\">\n\t\t\t\t<div class=\"elementor-widget-container\">\n\t\t\t\t\t\t\t<div class=\"elementor-gallery__container\">\n\t\t\t\t\t\t\t<a class=\"e-gallery-item elementor-gallery-item elementor-animated-content\" href=\"https:\/\/www.microtecnicatrevisana.com\/wp-content\/uploads\/2022\/07\/robot5.jpg\" data-elementor-open-lightbox=\"yes\" data-elementor-lightbox-slideshow=\"8e808fa\" data-elementor-lightbox-title=\"robot5\" data-e-action-hash=\"#elementor-action%3Aaction%3Dlightbox%26settings%3DeyJpZCI6NTAwMiwidXJsIjoiaHR0cHM6XC9cL3d3dy5taWNyb3RlY25pY2F0cmV2aXNhbmEuY29tXC93cC1jb250ZW50XC91cGxvYWRzXC8yMDIyXC8wN1wvcm9ib3Q1LmpwZyIsInNsaWRlc2hvdyI6IjhlODA4ZmEifQ%3D%3D\">\n\t\t\t\t\t<div class=\"e-gallery-image elementor-gallery-item__image\" data-thumbnail=\"https:\/\/www.microtecnicatrevisana.com\/wp-content\/uploads\/2022\/07\/robot5-1024x683.jpg\" data-width=\"1024\" data-height=\"683\" aria-label=\"\" role=\"img\" ><\/div>\n\t\t\t\t\t\t\t\t\t\t\t<div class=\"elementor-gallery-item__overlay\"><\/div>\n\t\t\t\t\t\t\t\t\t\t\t\t\t\t<\/a>\n\t\t\t\t\t\t\t<a class=\"e-gallery-item elementor-gallery-item elementor-animated-content\" href=\"https:\/\/www.microtecnicatrevisana.com\/wp-content\/uploads\/2022\/07\/robot4.jpg\" data-elementor-open-lightbox=\"yes\" data-elementor-lightbox-slideshow=\"8e808fa\" data-elementor-lightbox-title=\"robot4\" data-e-action-hash=\"#elementor-action%3Aaction%3Dlightbox%26settings%3DeyJpZCI6NDk5OSwidXJsIjoiaHR0cHM6XC9cL3d3dy5taWNyb3RlY25pY2F0cmV2aXNhbmEuY29tXC93cC1jb250ZW50XC91cGxvYWRzXC8yMDIyXC8wN1wvcm9ib3Q0LmpwZyIsInNsaWRlc2hvdyI6IjhlODA4ZmEifQ%3D%3D\">\n\t\t\t\t\t<div class=\"e-gallery-image elementor-gallery-item__image\" data-thumbnail=\"https:\/\/www.microtecnicatrevisana.com\/wp-content\/uploads\/2022\/07\/robot4-1024x683.jpg\" data-width=\"1024\" data-height=\"683\" aria-label=\"\" role=\"img\" ><\/div>\n\t\t\t\t\t\t\t\t\t\t\t<div class=\"elementor-gallery-item__overlay\"><\/div>\n\t\t\t\t\t\t\t\t\t\t\t\t\t\t<\/a>\n\t\t\t\t\t\t\t<a class=\"e-gallery-item elementor-gallery-item elementor-animated-content\" href=\"https:\/\/www.microtecnicatrevisana.com\/wp-content\/uploads\/2022\/07\/robot2.jpg\" data-elementor-open-lightbox=\"yes\" data-elementor-lightbox-slideshow=\"8e808fa\" data-elementor-lightbox-title=\"robot2\" data-e-action-hash=\"#elementor-action%3Aaction%3Dlightbox%26settings%3DeyJpZCI6NDk5MywidXJsIjoiaHR0cHM6XC9cL3d3dy5taWNyb3RlY25pY2F0cmV2aXNhbmEuY29tXC93cC1jb250ZW50XC91cGxvYWRzXC8yMDIyXC8wN1wvcm9ib3QyLmpwZyIsInNsaWRlc2hvdyI6IjhlODA4ZmEifQ%3D%3D\">\n\t\t\t\t\t<div class=\"e-gallery-image elementor-gallery-item__image\" data-thumbnail=\"https:\/\/www.microtecnicatrevisana.com\/wp-content\/uploads\/2022\/07\/robot2-1024x683.jpg\" data-width=\"1024\" data-height=\"683\" aria-label=\"\" role=\"img\" ><\/div>\n\t\t\t\t\t\t\t\t\t\t\t<div class=\"elementor-gallery-item__overlay\"><\/div>\n\t\t\t\t\t\t\t\t\t\t\t\t\t\t<\/a>\n\t\t\t\t\t<\/div>\n\t\t\t\t\t<\/div>\n\t\t\t\t<\/div>\n\t\t\t\t\t<\/div>\n\t\t<\/div>\n\t\t\t\t\t<\/div>\n\t\t<\/section>\n\t\t\t\t<\/div>\n\t\t","protected":false},"excerpt":{"rendered":"<p>Die Roboter von Microtecnica Trevisana Die REA-Roboterinsel maximiert, beschleunigt und vereinfacht die Produktion und garantiert einen hohen, pr\u00e4zisen und zuverl\u00e4ssigen Grad an Kontrolle sowie Flexibilit\u00e4t und Umprogrammierbarkeit, ohne dabei die Gesundheit und Sicherheit f\u00fcr den Bediener und die Umwelt zu vergessen. Das hohe Ma\u00df an Technologie erm\u00f6glicht es Microtecnica Trevisana, die Anforderungen der Industrie 4.0 [&hellip;]<\/p>\n","protected":false},"author":1,"featured_media":0,"parent":0,"menu_order":0,"comment_status":"closed","ping_status":"closed","template":"elementor_header_footer","meta":{"ocean_post_layout":"","ocean_both_sidebars_style":"","ocean_both_sidebars_content_width":0,"ocean_both_sidebars_sidebars_width":0,"ocean_sidebar":"0","ocean_second_sidebar":"0","ocean_disable_margins":"enable","ocean_add_body_class":"","ocean_shortcode_before_top_bar":"","ocean_shortcode_after_top_bar":"","ocean_shortcode_before_header":"","ocean_shortcode_after_header":"","ocean_has_shortcode":"","ocean_shortcode_after_title":"","ocean_shortcode_before_footer_widgets":"","ocean_shortcode_after_footer_widgets":"","ocean_shortcode_before_footer_bottom":"","ocean_shortcode_after_footer_bottom":"","ocean_display_top_bar":"default","ocean_display_header":"default","ocean_header_style":"","ocean_center_header_left_menu":"0","ocean_custom_header_template":"0","ocean_custom_logo":0,"ocean_custom_retina_logo":0,"ocean_custom_logo_max_width":0,"ocean_custom_logo_tablet_max_width":0,"ocean_custom_logo_mobile_max_width":0,"ocean_custom_logo_max_height":0,"ocean_custom_logo_tablet_max_height":0,"ocean_custom_logo_mobile_max_height":0,"ocean_header_custom_menu":"0","ocean_menu_typo_font_family":"0","ocean_menu_typo_font_subset":"","ocean_menu_typo_font_size":0,"ocean_menu_typo_font_size_tablet":0,"ocean_menu_typo_font_size_mobile":0,"ocean_menu_typo_font_size_unit":"px","ocean_menu_typo_font_weight":"","ocean_menu_typo_font_weight_tablet":"","ocean_menu_typo_font_weight_mobile":"","ocean_menu_typo_transform":"","ocean_menu_typo_transform_tablet":"","ocean_menu_typo_transform_mobile":"","ocean_menu_typo_line_height":0,"ocean_menu_typo_line_height_tablet":0,"ocean_menu_typo_line_height_mobile":0,"ocean_menu_typo_line_height_unit":"","ocean_menu_typo_spacing":0,"ocean_menu_typo_spacing_tablet":0,"ocean_menu_typo_spacing_mobile":0,"ocean_menu_typo_spacing_unit":"","ocean_menu_link_color":"","ocean_menu_link_color_hover":"","ocean_menu_link_color_active":"","ocean_menu_link_background":"","ocean_menu_link_hover_background":"","ocean_menu_link_active_background":"","ocean_menu_social_links_bg":"","ocean_menu_social_hover_links_bg":"","ocean_menu_social_links_color":"","ocean_menu_social_hover_links_color":"","ocean_disable_title":"default","ocean_disable_heading":"default","ocean_post_title":"","ocean_post_subheading":"","ocean_post_title_style":"","ocean_post_title_background_color":"","ocean_post_title_background":0,"ocean_post_title_bg_image_position":"","ocean_post_title_bg_image_attachment":"","ocean_post_title_bg_image_repeat":"","ocean_post_title_bg_image_size":"","ocean_post_title_height":0,"ocean_post_title_bg_overlay":0.5,"ocean_post_title_bg_overlay_color":"","ocean_disable_breadcrumbs":"default","ocean_breadcrumbs_color":"","ocean_breadcrumbs_separator_color":"","ocean_breadcrumbs_links_color":"","ocean_breadcrumbs_links_hover_color":"","ocean_display_footer_widgets":"default","ocean_display_footer_bottom":"default","ocean_custom_footer_template":"0","footnotes":""},"class_list":["post-7298","page","type-page","status-publish","hentry","entry"],"yoast_head":"<!-- This site is optimized with the Yoast SEO plugin v27.6 - https:\/\/yoast.com\/product\/yoast-seo-wordpress\/ -->\n<title>Robotik-Kontrollstationen<\/title>\n<meta name=\"description\" content=\"Die REA-Roboterinsel maximiert, beschleunigt und vereinfacht die Produktion und garantiert einen hohen.\" \/>\n<meta name=\"robots\" content=\"index, follow, max-snippet:-1, max-image-preview:large, max-video-preview:-1\" \/>\n<link rel=\"canonical\" href=\"https:\/\/www.microtecnicatrevisana.com\/de\/robotik-kontrollstationen\/\" \/>\n<meta property=\"og:locale\" content=\"de_DE\" \/>\n<meta property=\"og:type\" content=\"article\" \/>\n<meta property=\"og:title\" content=\"Robotik-Kontrollstationen\" \/>\n<meta property=\"og:description\" content=\"Die REA-Roboterinsel maximiert, beschleunigt und vereinfacht die Produktion und garantiert einen hohen.\" \/>\n<meta property=\"og:url\" content=\"https:\/\/www.microtecnicatrevisana.com\/de\/robotik-kontrollstationen\/\" \/>\n<meta property=\"og:site_name\" content=\"Microtecnica Trevisana\" \/>\n<meta property=\"article:modified_time\" content=\"2025-12-10T14:55:27+00:00\" \/>\n<meta name=\"twitter:card\" content=\"summary_large_image\" \/>\n<script type=\"application\/ld+json\" class=\"yoast-schema-graph\">{\"@context\":\"https:\\\/\\\/schema.org\",\"@graph\":[{\"@type\":\"WebPage\",\"@id\":\"https:\\\/\\\/www.microtecnicatrevisana.com\\\/de\\\/robotik-kontrollstationen\\\/\",\"url\":\"https:\\\/\\\/www.microtecnicatrevisana.com\\\/de\\\/robotik-kontrollstationen\\\/\",\"name\":\"Robotik-Kontrollstationen\",\"isPartOf\":{\"@id\":\"https:\\\/\\\/www.microtecnicatrevisana.com\\\/de\\\/#website\"},\"datePublished\":\"2023-03-31T15:34:55+00:00\",\"dateModified\":\"2025-12-10T14:55:27+00:00\",\"description\":\"Die REA-Roboterinsel maximiert, beschleunigt und vereinfacht die Produktion und garantiert einen hohen.\",\"breadcrumb\":{\"@id\":\"https:\\\/\\\/www.microtecnicatrevisana.com\\\/de\\\/robotik-kontrollstationen\\\/#breadcrumb\"},\"inLanguage\":\"de\",\"potentialAction\":[{\"@type\":\"ReadAction\",\"target\":[\"https:\\\/\\\/www.microtecnicatrevisana.com\\\/de\\\/robotik-kontrollstationen\\\/\"]}]},{\"@type\":\"BreadcrumbList\",\"@id\":\"https:\\\/\\\/www.microtecnicatrevisana.com\\\/de\\\/robotik-kontrollstationen\\\/#breadcrumb\",\"itemListElement\":[{\"@type\":\"ListItem\",\"position\":1,\"name\":\"Home\",\"item\":\"https:\\\/\\\/www.microtecnicatrevisana.com\\\/de\\\/\"},{\"@type\":\"ListItem\",\"position\":2,\"name\":\"Robotik-Kontrollstationen\"}]},{\"@type\":\"WebSite\",\"@id\":\"https:\\\/\\\/www.microtecnicatrevisana.com\\\/de\\\/#website\",\"url\":\"https:\\\/\\\/www.microtecnicatrevisana.com\\\/de\\\/\",\"name\":\"Microtecnica Trevisana\",\"description\":\"\",\"publisher\":{\"@id\":\"https:\\\/\\\/www.microtecnicatrevisana.com\\\/de\\\/#organization\"},\"potentialAction\":[{\"@type\":\"SearchAction\",\"target\":{\"@type\":\"EntryPoint\",\"urlTemplate\":\"https:\\\/\\\/www.microtecnicatrevisana.com\\\/de\\\/?s={search_term_string}\"},\"query-input\":{\"@type\":\"PropertyValueSpecification\",\"valueRequired\":true,\"valueName\":\"search_term_string\"}}],\"inLanguage\":\"de\"},{\"@type\":\"Organization\",\"@id\":\"https:\\\/\\\/www.microtecnicatrevisana.com\\\/de\\\/#organization\",\"name\":\"Microtecnica Trevisana\",\"url\":\"https:\\\/\\\/www.microtecnicatrevisana.com\\\/de\\\/\",\"logo\":{\"@type\":\"ImageObject\",\"inLanguage\":\"de\",\"@id\":\"https:\\\/\\\/www.microtecnicatrevisana.com\\\/de\\\/#\\\/schema\\\/logo\\\/image\\\/\",\"url\":\"https:\\\/\\\/www.microtecnicatrevisana.com\\\/wp-content\\\/uploads\\\/2021\\\/11\\\/cropped-MICROTECNICA_TREVISANA_LOGO_ORIZZONTALE_POSITIVO.png\",\"contentUrl\":\"https:\\\/\\\/www.microtecnicatrevisana.com\\\/wp-content\\\/uploads\\\/2021\\\/11\\\/cropped-MICROTECNICA_TREVISANA_LOGO_ORIZZONTALE_POSITIVO.png\",\"width\":581,\"height\":99,\"caption\":\"Microtecnica Trevisana\"},\"image\":{\"@id\":\"https:\\\/\\\/www.microtecnicatrevisana.com\\\/de\\\/#\\\/schema\\\/logo\\\/image\\\/\"}}]}<\/script>\n<!-- \/ Yoast SEO plugin. -->","yoast_head_json":{"title":"Robotik-Kontrollstationen","description":"Die REA-Roboterinsel maximiert, beschleunigt und vereinfacht die Produktion und garantiert einen hohen.","robots":{"index":"index","follow":"follow","max-snippet":"max-snippet:-1","max-image-preview":"max-image-preview:large","max-video-preview":"max-video-preview:-1"},"canonical":"https:\/\/www.microtecnicatrevisana.com\/de\/robotik-kontrollstationen\/","og_locale":"de_DE","og_type":"article","og_title":"Robotik-Kontrollstationen","og_description":"Die REA-Roboterinsel maximiert, beschleunigt und vereinfacht die Produktion und garantiert einen hohen.","og_url":"https:\/\/www.microtecnicatrevisana.com\/de\/robotik-kontrollstationen\/","og_site_name":"Microtecnica Trevisana","article_modified_time":"2025-12-10T14:55:27+00:00","twitter_card":"summary_large_image","schema":{"@context":"https:\/\/schema.org","@graph":[{"@type":"WebPage","@id":"https:\/\/www.microtecnicatrevisana.com\/de\/robotik-kontrollstationen\/","url":"https:\/\/www.microtecnicatrevisana.com\/de\/robotik-kontrollstationen\/","name":"Robotik-Kontrollstationen","isPartOf":{"@id":"https:\/\/www.microtecnicatrevisana.com\/de\/#website"},"datePublished":"2023-03-31T15:34:55+00:00","dateModified":"2025-12-10T14:55:27+00:00","description":"Die REA-Roboterinsel maximiert, beschleunigt und vereinfacht die Produktion und garantiert einen hohen.","breadcrumb":{"@id":"https:\/\/www.microtecnicatrevisana.com\/de\/robotik-kontrollstationen\/#breadcrumb"},"inLanguage":"de","potentialAction":[{"@type":"ReadAction","target":["https:\/\/www.microtecnicatrevisana.com\/de\/robotik-kontrollstationen\/"]}]},{"@type":"BreadcrumbList","@id":"https:\/\/www.microtecnicatrevisana.com\/de\/robotik-kontrollstationen\/#breadcrumb","itemListElement":[{"@type":"ListItem","position":1,"name":"Home","item":"https:\/\/www.microtecnicatrevisana.com\/de\/"},{"@type":"ListItem","position":2,"name":"Robotik-Kontrollstationen"}]},{"@type":"WebSite","@id":"https:\/\/www.microtecnicatrevisana.com\/de\/#website","url":"https:\/\/www.microtecnicatrevisana.com\/de\/","name":"Microtecnica Trevisana","description":"","publisher":{"@id":"https:\/\/www.microtecnicatrevisana.com\/de\/#organization"},"potentialAction":[{"@type":"SearchAction","target":{"@type":"EntryPoint","urlTemplate":"https:\/\/www.microtecnicatrevisana.com\/de\/?s={search_term_string}"},"query-input":{"@type":"PropertyValueSpecification","valueRequired":true,"valueName":"search_term_string"}}],"inLanguage":"de"},{"@type":"Organization","@id":"https:\/\/www.microtecnicatrevisana.com\/de\/#organization","name":"Microtecnica Trevisana","url":"https:\/\/www.microtecnicatrevisana.com\/de\/","logo":{"@type":"ImageObject","inLanguage":"de","@id":"https:\/\/www.microtecnicatrevisana.com\/de\/#\/schema\/logo\/image\/","url":"https:\/\/www.microtecnicatrevisana.com\/wp-content\/uploads\/2021\/11\/cropped-MICROTECNICA_TREVISANA_LOGO_ORIZZONTALE_POSITIVO.png","contentUrl":"https:\/\/www.microtecnicatrevisana.com\/wp-content\/uploads\/2021\/11\/cropped-MICROTECNICA_TREVISANA_LOGO_ORIZZONTALE_POSITIVO.png","width":581,"height":99,"caption":"Microtecnica Trevisana"},"image":{"@id":"https:\/\/www.microtecnicatrevisana.com\/de\/#\/schema\/logo\/image\/"}}]}},"_links":{"self":[{"href":"https:\/\/www.microtecnicatrevisana.com\/de\/wp-json\/wp\/v2\/pages\/7298","targetHints":{"allow":["GET"]}}],"collection":[{"href":"https:\/\/www.microtecnicatrevisana.com\/de\/wp-json\/wp\/v2\/pages"}],"about":[{"href":"https:\/\/www.microtecnicatrevisana.com\/de\/wp-json\/wp\/v2\/types\/page"}],"author":[{"embeddable":true,"href":"https:\/\/www.microtecnicatrevisana.com\/de\/wp-json\/wp\/v2\/users\/1"}],"replies":[{"embeddable":true,"href":"https:\/\/www.microtecnicatrevisana.com\/de\/wp-json\/wp\/v2\/comments?post=7298"}],"version-history":[{"count":2,"href":"https:\/\/www.microtecnicatrevisana.com\/de\/wp-json\/wp\/v2\/pages\/7298\/revisions"}],"predecessor-version":[{"id":9173,"href":"https:\/\/www.microtecnicatrevisana.com\/de\/wp-json\/wp\/v2\/pages\/7298\/revisions\/9173"}],"wp:attachment":[{"href":"https:\/\/www.microtecnicatrevisana.com\/de\/wp-json\/wp\/v2\/media?parent=7298"}],"curies":[{"name":"wp","href":"https:\/\/api.w.org\/{rel}","templated":true}]}}