{"id":7292,"date":"2023-03-31T17:28:31","date_gmt":"2023-03-31T15:28:31","guid":{"rendered":"https:\/\/www.microtecnicatrevisana.com\/qualitaetskontrolle\/"},"modified":"2023-03-31T17:28:31","modified_gmt":"2023-03-31T15:28:31","slug":"qualitaetskontrolle","status":"publish","type":"page","link":"https:\/\/www.microtecnicatrevisana.com\/de\/qualitaetskontrolle\/","title":{"rendered":"Qualit\u00e4tskontrolle"},"content":{"rendered":"\t\t<div data-elementor-type=\"wp-page\" data-elementor-id=\"7292\" class=\"elementor elementor-7292 elementor-5795\" data-elementor-post-type=\"page\">\n\t\t\t\t\t\t<section class=\"elementor-section elementor-top-section elementor-element elementor-element-a818c1c elementor-section-height-min-height elementor-section-items-bottom elementor-section-full_width elementor-section-height-default\" data-id=\"a818c1c\" data-element_type=\"section\" data-e-type=\"section\" data-settings=\"{&quot;background_background&quot;:&quot;classic&quot;}\">\n\t\t\t\t\t\t<div class=\"elementor-container elementor-column-gap-default\">\n\t\t\t\t\t<div class=\"elementor-column elementor-col-50 elementor-top-column elementor-element elementor-element-0d883df\" data-id=\"0d883df\" data-element_type=\"column\" data-e-type=\"column\">\n\t\t\t<div class=\"elementor-widget-wrap elementor-element-populated\">\n\t\t\t\t\t\t<div class=\"elementor-element elementor-element-e21c9a8 elementor-widget elementor-widget-heading\" data-id=\"e21c9a8\" data-element_type=\"widget\" data-e-type=\"widget\" data-widget_type=\"heading.default\">\n\t\t\t\t<div class=\"elementor-widget-container\">\n\t\t\t\t\t<p class=\"elementor-heading-title elementor-size-default\">Qualit\u00e4tskontrolle<\/p>\t\t\t\t<\/div>\n\t\t\t\t<\/div>\n\t\t\t\t\t<\/div>\n\t\t<\/div>\n\t\t\t\t<div class=\"elementor-column elementor-col-50 elementor-top-column elementor-element elementor-element-e9101e0\" data-id=\"e9101e0\" data-element_type=\"column\" data-e-type=\"column\">\n\t\t\t<div class=\"elementor-widget-wrap\">\n\t\t\t\t\t\t\t<\/div>\n\t\t<\/div>\n\t\t\t\t\t<\/div>\n\t\t<\/section>\n\t\t\t\t<section class=\"elementor-section elementor-top-section elementor-element elementor-element-9cfc4b8 elementor-section-full_width elementor-section-height-default elementor-section-height-default\" data-id=\"9cfc4b8\" data-element_type=\"section\" data-e-type=\"section\">\n\t\t\t\t\t\t<div class=\"elementor-container elementor-column-gap-no\">\n\t\t\t\t\t<div class=\"elementor-column elementor-col-50 elementor-top-column elementor-element elementor-element-ac0b700 animated-fast elementor-invisible\" data-id=\"ac0b700\" data-element_type=\"column\" data-e-type=\"column\" data-settings=\"{&quot;animation&quot;:&quot;slideInLeft&quot;}\">\n\t\t\t<div class=\"elementor-widget-wrap elementor-element-populated\">\n\t\t\t\t\t\t<div class=\"elementor-element elementor-element-7314308 elementor-widget elementor-widget-heading\" data-id=\"7314308\" data-element_type=\"widget\" data-e-type=\"widget\" data-widget_type=\"heading.default\">\n\t\t\t\t<div class=\"elementor-widget-container\">\n\t\t\t\t\t<h1 class=\"elementor-heading-title elementor-size-default\">Aufgabe<\/h1>\t\t\t\t<\/div>\n\t\t\t\t<\/div>\n\t\t\t\t<div class=\"elementor-element elementor-element-22f9dff elementor-widget elementor-widget-text-editor\" data-id=\"22f9dff\" data-element_type=\"widget\" data-e-type=\"widget\" data-settings=\"{&quot;_animation&quot;:&quot;none&quot;,&quot;_animation_delay&quot;:500}\" data-widget_type=\"text-editor.default\">\n\t\t\t\t<div class=\"elementor-widget-container\">\n\t\t\t\t\t\t\t\t\t<p>Annahme von Rohstoffen<\/p>\n<p>Unerl\u00e4ssliche Kontrolle, um alle Informationen zu erfassen und die R\u00fcckverfolgbarkeit jeder Lieferung zu gew\u00e4hrleisten, um die Konformit\u00e4t und R\u00fcckverfolgbarkeit in allen Produktionsprozessen sicherzustellen.<\/p>\n<p>Kontrollpr\u00fcfung w\u00e4hrend der Produktion<\/p>\n<p>Kontrollt\u00e4tigkeiten mit optischen Instrumenten wie Vici Vision, die die verschiedenen Messungen unterst\u00fctzen: Lehren, H\u00f6henmesser, Mikrometer, die vernetzt sind, um den Kontrollzyklus zu vervollst\u00e4ndigen.<\/p>\n<p>Unser Qualit\u00e4tsmanagementsystem unterst\u00fctzt den Techniker bei den Messungen und verfolgt jeden Arbeitsvorgang.<\/p>\n<p>Wiederholte Kontrollzyklen werden f\u00fcr alle Abmessungen vorgesehen.<\/p>\n<p>Bei Bedarf f\u00fchren wir Kontrollen auf dem Pr\u00fcfstand durch.<\/p>\n<p>Wir verwenden Pr\u00fcfb\u00e4nke f\u00fcr die visuelle, manuelle oder automatische Auslese.<\/p>\n<p>Kontrolle bei der Annahme nach externer Bearbeitung<\/p>\n<p>Nach jeder externen Bearbeitung wird eine Kontrolle nach ISO 2859 &#8211; AQL 1 durchgef\u00fchrt.<\/p>\n\t\t\t\t\t\t\t\t<\/div>\n\t\t\t\t<\/div>\n\t\t\t\t\t<\/div>\n\t\t<\/div>\n\t\t\t\t<div class=\"elementor-column elementor-col-50 elementor-top-column elementor-element elementor-element-fe843f5 animated-fast elementor-invisible\" data-id=\"fe843f5\" data-element_type=\"column\" data-e-type=\"column\" data-settings=\"{&quot;background_background&quot;:&quot;slideshow&quot;,&quot;background_slideshow_gallery&quot;:[{&quot;id&quot;:5595,&quot;url&quot;:&quot;https:\\\/\\\/www.microtecnicatrevisana.com\\\/wp-content\\\/uploads\\\/2023\\\/01\\\/CQ_01-scaled.jpg&quot;},{&quot;id&quot;:5598,&quot;url&quot;:&quot;https:\\\/\\\/www.microtecnicatrevisana.com\\\/wp-content\\\/uploads\\\/2023\\\/01\\\/CQ_02-scaled.jpg&quot;},{&quot;id&quot;:5616,&quot;url&quot;:&quot;https:\\\/\\\/www.microtecnicatrevisana.com\\\/wp-content\\\/uploads\\\/2023\\\/01\\\/Microtecnica-29-1-scaled.jpg&quot;},{&quot;id&quot;:4961,&quot;url&quot;:&quot;https:\\\/\\\/www.microtecnicatrevisana.com\\\/wp-content\\\/uploads\\\/2022\\\/07\\\/sala-metrologica2a.jpg&quot;},{&quot;id&quot;:6265,&quot;url&quot;:&quot;https:\\\/\\\/www.microtecnicatrevisana.com\\\/wp-content\\\/uploads\\\/2023\\\/01\\\/MIcrotecnica-controllo-qualia.jpg&quot;},{&quot;id&quot;:6268,&quot;url&quot;:&quot;https:\\\/\\\/www.microtecnicatrevisana.com\\\/wp-content\\\/uploads\\\/2023\\\/01\\\/MIcrotecnica-controllo-qualia-2.jpg&quot;},{&quot;id&quot;:5619,&quot;url&quot;:&quot;https:\\\/\\\/www.microtecnicatrevisana.com\\\/wp-content\\\/uploads\\\/2023\\\/01\\\/Microtecnica-37-scaled.jpg&quot;},{&quot;id&quot;:5610,&quot;url&quot;:&quot;https:\\\/\\\/www.microtecnicatrevisana.com\\\/wp-content\\\/uploads\\\/2023\\\/01\\\/Microtecnica-2019-8-scaled.jpg&quot;},{&quot;id&quot;:5601,&quot;url&quot;:&quot;https:\\\/\\\/www.microtecnicatrevisana.com\\\/wp-content\\\/uploads\\\/2023\\\/01\\\/DELTAVISIONE_CQ_01-scaled.jpg&quot;},{&quot;id&quot;:4550,&quot;url&quot;:&quot;https:\\\/\\\/www.microtecnicatrevisana.com\\\/wp-content\\\/uploads\\\/2022\\\/06\\\/foto-4.jpg&quot;},{&quot;id&quot;:4553,&quot;url&quot;:&quot;https:\\\/\\\/www.microtecnicatrevisana.com\\\/wp-content\\\/uploads\\\/2022\\\/06\\\/foto-5.jpg&quot;},{&quot;id&quot;:6271,&quot;url&quot;:&quot;https:\\\/\\\/www.microtecnicatrevisana.com\\\/wp-content\\\/uploads\\\/2023\\\/01\\\/VICI_01.jpeg&quot;},{&quot;id&quot;:6274,&quot;url&quot;:&quot;https:\\\/\\\/www.microtecnicatrevisana.com\\\/wp-content\\\/uploads\\\/2023\\\/01\\\/VICI_02-.jpeg&quot;},{&quot;id&quot;:6277,&quot;url&quot;:&quot;https:\\\/\\\/www.microtecnicatrevisana.com\\\/wp-content\\\/uploads\\\/2023\\\/01\\\/VICI_03.jpeg&quot;}],&quot;animation&quot;:&quot;slideInRight&quot;,&quot;background_slideshow_slide_duration&quot;:2500,&quot;background_slideshow_loop&quot;:&quot;yes&quot;,&quot;background_slideshow_slide_transition&quot;:&quot;fade&quot;,&quot;background_slideshow_transition_duration&quot;:500}\">\n\t\t\t<div class=\"elementor-widget-wrap elementor-element-populated\">\n\t\t\t\t\t\t<div class=\"elementor-element elementor-element-ee83286 elementor-widget elementor-widget-spacer\" data-id=\"ee83286\" data-element_type=\"widget\" data-e-type=\"widget\" data-widget_type=\"spacer.default\">\n\t\t\t\t<div class=\"elementor-widget-container\">\n\t\t\t\t\t\t\t<div class=\"elementor-spacer\">\n\t\t\t<div class=\"elementor-spacer-inner\"><\/div>\n\t\t<\/div>\n\t\t\t\t\t\t<\/div>\n\t\t\t\t<\/div>\n\t\t\t\t\t<\/div>\n\t\t<\/div>\n\t\t\t\t\t<\/div>\n\t\t<\/section>\n\t\t\t\t<\/div>\n\t\t","protected":false},"excerpt":{"rendered":"<p>Aufgabe Annahme von Rohstoffen Unerl\u00e4ssliche Kontrolle, um alle Informationen zu erfassen und die R\u00fcckverfolgbarkeit jeder Lieferung zu gew\u00e4hrleisten, um die Konformit\u00e4t und R\u00fcckverfolgbarkeit in allen Produktionsprozessen sicherzustellen. Kontrollpr\u00fcfung w\u00e4hrend der Produktion Kontrollt\u00e4tigkeiten mit optischen Instrumenten wie Vici Vision, die die verschiedenen Messungen unterst\u00fctzen: Lehren, H\u00f6henmesser, Mikrometer, die vernetzt sind, um den Kontrollzyklus zu vervollst\u00e4ndigen. Unser [&hellip;]<\/p>\n","protected":false},"author":1,"featured_media":0,"parent":0,"menu_order":0,"comment_status":"closed","ping_status":"closed","template":"elementor_header_footer","meta":{"ocean_post_layout":"","ocean_both_sidebars_style":"","ocean_both_sidebars_content_width":0,"ocean_both_sidebars_sidebars_width":0,"ocean_sidebar":"0","ocean_second_sidebar":"0","ocean_disable_margins":"enable","ocean_add_body_class":"","ocean_shortcode_before_top_bar":"","ocean_shortcode_after_top_bar":"","ocean_shortcode_before_header":"","ocean_shortcode_after_header":"","ocean_has_shortcode":"","ocean_shortcode_after_title":"","ocean_shortcode_before_footer_widgets":"","ocean_shortcode_after_footer_widgets":"","ocean_shortcode_before_footer_bottom":"","ocean_shortcode_after_footer_bottom":"","ocean_display_top_bar":"default","ocean_display_header":"default","ocean_header_style":"","ocean_center_header_left_menu":"0","ocean_custom_header_template":"0","ocean_custom_logo":0,"ocean_custom_retina_logo":0,"ocean_custom_logo_max_width":0,"ocean_custom_logo_tablet_max_width":0,"ocean_custom_logo_mobile_max_width":0,"ocean_custom_logo_max_height":0,"ocean_custom_logo_tablet_max_height":0,"ocean_custom_logo_mobile_max_height":0,"ocean_header_custom_menu":"0","ocean_menu_typo_font_family":"0","ocean_menu_typo_font_subset":"","ocean_menu_typo_font_size":0,"ocean_menu_typo_font_size_tablet":0,"ocean_menu_typo_font_size_mobile":0,"ocean_menu_typo_font_size_unit":"px","ocean_menu_typo_font_weight":"","ocean_menu_typo_font_weight_tablet":"","ocean_menu_typo_font_weight_mobile":"","ocean_menu_typo_transform":"","ocean_menu_typo_transform_tablet":"","ocean_menu_typo_transform_mobile":"","ocean_menu_typo_line_height":0,"ocean_menu_typo_line_height_tablet":0,"ocean_menu_typo_line_height_mobile":0,"ocean_menu_typo_line_height_unit":"","ocean_menu_typo_spacing":0,"ocean_menu_typo_spacing_tablet":0,"ocean_menu_typo_spacing_mobile":0,"ocean_menu_typo_spacing_unit":"","ocean_menu_link_color":"","ocean_menu_link_color_hover":"","ocean_menu_link_color_active":"","ocean_menu_link_background":"","ocean_menu_link_hover_background":"","ocean_menu_link_active_background":"","ocean_menu_social_links_bg":"","ocean_menu_social_hover_links_bg":"","ocean_menu_social_links_color":"","ocean_menu_social_hover_links_color":"","ocean_disable_title":"default","ocean_disable_heading":"default","ocean_post_title":"","ocean_post_subheading":"","ocean_post_title_style":"","ocean_post_title_background_color":"","ocean_post_title_background":0,"ocean_post_title_bg_image_position":"","ocean_post_title_bg_image_attachment":"","ocean_post_title_bg_image_repeat":"","ocean_post_title_bg_image_size":"","ocean_post_title_height":0,"ocean_post_title_bg_overlay":0.5,"ocean_post_title_bg_overlay_color":"","ocean_disable_breadcrumbs":"default","ocean_breadcrumbs_color":"","ocean_breadcrumbs_separator_color":"","ocean_breadcrumbs_links_color":"","ocean_breadcrumbs_links_hover_color":"","ocean_display_footer_widgets":"default","ocean_display_footer_bottom":"default","ocean_custom_footer_template":"0","footnotes":""},"class_list":["post-7292","page","type-page","status-publish","hentry","entry"],"yoast_head":"<!-- This site is optimized with the Yoast SEO plugin v27.3 - https:\/\/yoast.com\/product\/yoast-seo-wordpress\/ -->\n<title>Qualit\u00e4tskontrolle<\/title>\n<meta name=\"description\" content=\"Unerl\u00e4ssliche Kontrolle, um alle Informationen zu erfassen und die R\u00fcckverfolgbarkeit jeder Lieferung zu gew\u00e4hrleisten\" \/>\n<meta name=\"robots\" content=\"index, follow, max-snippet:-1, max-image-preview:large, max-video-preview:-1\" \/>\n<link rel=\"canonical\" href=\"https:\/\/www.microtecnicatrevisana.com\/de\/qualitaetskontrolle\/\" \/>\n<meta property=\"og:locale\" content=\"de_DE\" \/>\n<meta property=\"og:type\" content=\"article\" \/>\n<meta property=\"og:title\" content=\"Qualit\u00e4tskontrolle\" \/>\n<meta property=\"og:description\" content=\"Unerl\u00e4ssliche Kontrolle, um alle Informationen zu erfassen und die R\u00fcckverfolgbarkeit jeder Lieferung zu gew\u00e4hrleisten\" \/>\n<meta property=\"og:url\" content=\"https:\/\/www.microtecnicatrevisana.com\/de\/qualitaetskontrolle\/\" \/>\n<meta property=\"og:site_name\" content=\"Microtecnica Trevisana\" \/>\n<meta name=\"twitter:card\" content=\"summary_large_image\" \/>\n<meta name=\"twitter:label1\" content=\"Gesch\u00e4tzte Lesezeit\" \/>\n\t<meta name=\"twitter:data1\" content=\"1\u00a0Minute\" \/>\n<script type=\"application\/ld+json\" class=\"yoast-schema-graph\">{\"@context\":\"https:\\\/\\\/schema.org\",\"@graph\":[{\"@type\":\"WebPage\",\"@id\":\"https:\\\/\\\/www.microtecnicatrevisana.com\\\/de\\\/qualitaetskontrolle\\\/\",\"url\":\"https:\\\/\\\/www.microtecnicatrevisana.com\\\/de\\\/qualitaetskontrolle\\\/\",\"name\":\"Qualit\u00e4tskontrolle\",\"isPartOf\":{\"@id\":\"https:\\\/\\\/www.microtecnicatrevisana.com\\\/de\\\/#website\"},\"datePublished\":\"2023-03-31T15:28:31+00:00\",\"description\":\"Unerl\u00e4ssliche Kontrolle, um alle Informationen zu erfassen und die R\u00fcckverfolgbarkeit jeder Lieferung zu gew\u00e4hrleisten\",\"breadcrumb\":{\"@id\":\"https:\\\/\\\/www.microtecnicatrevisana.com\\\/de\\\/qualitaetskontrolle\\\/#breadcrumb\"},\"inLanguage\":\"de\",\"potentialAction\":[{\"@type\":\"ReadAction\",\"target\":[\"https:\\\/\\\/www.microtecnicatrevisana.com\\\/de\\\/qualitaetskontrolle\\\/\"]}]},{\"@type\":\"BreadcrumbList\",\"@id\":\"https:\\\/\\\/www.microtecnicatrevisana.com\\\/de\\\/qualitaetskontrolle\\\/#breadcrumb\",\"itemListElement\":[{\"@type\":\"ListItem\",\"position\":1,\"name\":\"Home\",\"item\":\"https:\\\/\\\/www.microtecnicatrevisana.com\\\/de\\\/\"},{\"@type\":\"ListItem\",\"position\":2,\"name\":\"Qualit\u00e4tskontrolle\"}]},{\"@type\":\"WebSite\",\"@id\":\"https:\\\/\\\/www.microtecnicatrevisana.com\\\/de\\\/#website\",\"url\":\"https:\\\/\\\/www.microtecnicatrevisana.com\\\/de\\\/\",\"name\":\"Microtecnica Trevisana\",\"description\":\"\",\"publisher\":{\"@id\":\"https:\\\/\\\/www.microtecnicatrevisana.com\\\/de\\\/#organization\"},\"potentialAction\":[{\"@type\":\"SearchAction\",\"target\":{\"@type\":\"EntryPoint\",\"urlTemplate\":\"https:\\\/\\\/www.microtecnicatrevisana.com\\\/de\\\/?s={search_term_string}\"},\"query-input\":{\"@type\":\"PropertyValueSpecification\",\"valueRequired\":true,\"valueName\":\"search_term_string\"}}],\"inLanguage\":\"de\"},{\"@type\":\"Organization\",\"@id\":\"https:\\\/\\\/www.microtecnicatrevisana.com\\\/de\\\/#organization\",\"name\":\"Microtecnica Trevisana\",\"url\":\"https:\\\/\\\/www.microtecnicatrevisana.com\\\/de\\\/\",\"logo\":{\"@type\":\"ImageObject\",\"inLanguage\":\"de\",\"@id\":\"https:\\\/\\\/www.microtecnicatrevisana.com\\\/de\\\/#\\\/schema\\\/logo\\\/image\\\/\",\"url\":\"https:\\\/\\\/www.microtecnicatrevisana.com\\\/wp-content\\\/uploads\\\/2021\\\/11\\\/cropped-MICROTECNICA_TREVISANA_LOGO_ORIZZONTALE_POSITIVO.png\",\"contentUrl\":\"https:\\\/\\\/www.microtecnicatrevisana.com\\\/wp-content\\\/uploads\\\/2021\\\/11\\\/cropped-MICROTECNICA_TREVISANA_LOGO_ORIZZONTALE_POSITIVO.png\",\"width\":581,\"height\":99,\"caption\":\"Microtecnica Trevisana\"},\"image\":{\"@id\":\"https:\\\/\\\/www.microtecnicatrevisana.com\\\/de\\\/#\\\/schema\\\/logo\\\/image\\\/\"}}]}<\/script>\n<!-- \/ Yoast SEO plugin. -->","yoast_head_json":{"title":"Qualit\u00e4tskontrolle","description":"Unerl\u00e4ssliche Kontrolle, um alle Informationen zu erfassen und die R\u00fcckverfolgbarkeit jeder Lieferung zu gew\u00e4hrleisten","robots":{"index":"index","follow":"follow","max-snippet":"max-snippet:-1","max-image-preview":"max-image-preview:large","max-video-preview":"max-video-preview:-1"},"canonical":"https:\/\/www.microtecnicatrevisana.com\/de\/qualitaetskontrolle\/","og_locale":"de_DE","og_type":"article","og_title":"Qualit\u00e4tskontrolle","og_description":"Unerl\u00e4ssliche Kontrolle, um alle Informationen zu erfassen und die R\u00fcckverfolgbarkeit jeder Lieferung zu gew\u00e4hrleisten","og_url":"https:\/\/www.microtecnicatrevisana.com\/de\/qualitaetskontrolle\/","og_site_name":"Microtecnica Trevisana","twitter_card":"summary_large_image","twitter_misc":{"Gesch\u00e4tzte Lesezeit":"1\u00a0Minute"},"schema":{"@context":"https:\/\/schema.org","@graph":[{"@type":"WebPage","@id":"https:\/\/www.microtecnicatrevisana.com\/de\/qualitaetskontrolle\/","url":"https:\/\/www.microtecnicatrevisana.com\/de\/qualitaetskontrolle\/","name":"Qualit\u00e4tskontrolle","isPartOf":{"@id":"https:\/\/www.microtecnicatrevisana.com\/de\/#website"},"datePublished":"2023-03-31T15:28:31+00:00","description":"Unerl\u00e4ssliche Kontrolle, um alle Informationen zu erfassen und die R\u00fcckverfolgbarkeit jeder Lieferung zu gew\u00e4hrleisten","breadcrumb":{"@id":"https:\/\/www.microtecnicatrevisana.com\/de\/qualitaetskontrolle\/#breadcrumb"},"inLanguage":"de","potentialAction":[{"@type":"ReadAction","target":["https:\/\/www.microtecnicatrevisana.com\/de\/qualitaetskontrolle\/"]}]},{"@type":"BreadcrumbList","@id":"https:\/\/www.microtecnicatrevisana.com\/de\/qualitaetskontrolle\/#breadcrumb","itemListElement":[{"@type":"ListItem","position":1,"name":"Home","item":"https:\/\/www.microtecnicatrevisana.com\/de\/"},{"@type":"ListItem","position":2,"name":"Qualit\u00e4tskontrolle"}]},{"@type":"WebSite","@id":"https:\/\/www.microtecnicatrevisana.com\/de\/#website","url":"https:\/\/www.microtecnicatrevisana.com\/de\/","name":"Microtecnica Trevisana","description":"","publisher":{"@id":"https:\/\/www.microtecnicatrevisana.com\/de\/#organization"},"potentialAction":[{"@type":"SearchAction","target":{"@type":"EntryPoint","urlTemplate":"https:\/\/www.microtecnicatrevisana.com\/de\/?s={search_term_string}"},"query-input":{"@type":"PropertyValueSpecification","valueRequired":true,"valueName":"search_term_string"}}],"inLanguage":"de"},{"@type":"Organization","@id":"https:\/\/www.microtecnicatrevisana.com\/de\/#organization","name":"Microtecnica Trevisana","url":"https:\/\/www.microtecnicatrevisana.com\/de\/","logo":{"@type":"ImageObject","inLanguage":"de","@id":"https:\/\/www.microtecnicatrevisana.com\/de\/#\/schema\/logo\/image\/","url":"https:\/\/www.microtecnicatrevisana.com\/wp-content\/uploads\/2021\/11\/cropped-MICROTECNICA_TREVISANA_LOGO_ORIZZONTALE_POSITIVO.png","contentUrl":"https:\/\/www.microtecnicatrevisana.com\/wp-content\/uploads\/2021\/11\/cropped-MICROTECNICA_TREVISANA_LOGO_ORIZZONTALE_POSITIVO.png","width":581,"height":99,"caption":"Microtecnica Trevisana"},"image":{"@id":"https:\/\/www.microtecnicatrevisana.com\/de\/#\/schema\/logo\/image\/"}}]}},"_links":{"self":[{"href":"https:\/\/www.microtecnicatrevisana.com\/de\/wp-json\/wp\/v2\/pages\/7292","targetHints":{"allow":["GET"]}}],"collection":[{"href":"https:\/\/www.microtecnicatrevisana.com\/de\/wp-json\/wp\/v2\/pages"}],"about":[{"href":"https:\/\/www.microtecnicatrevisana.com\/de\/wp-json\/wp\/v2\/types\/page"}],"author":[{"embeddable":true,"href":"https:\/\/www.microtecnicatrevisana.com\/de\/wp-json\/wp\/v2\/users\/1"}],"replies":[{"embeddable":true,"href":"https:\/\/www.microtecnicatrevisana.com\/de\/wp-json\/wp\/v2\/comments?post=7292"}],"version-history":[{"count":1,"href":"https:\/\/www.microtecnicatrevisana.com\/de\/wp-json\/wp\/v2\/pages\/7292\/revisions"}],"predecessor-version":[{"id":7293,"href":"https:\/\/www.microtecnicatrevisana.com\/de\/wp-json\/wp\/v2\/pages\/7292\/revisions\/7293"}],"wp:attachment":[{"href":"https:\/\/www.microtecnicatrevisana.com\/de\/wp-json\/wp\/v2\/media?parent=7292"}],"curies":[{"name":"wp","href":"https:\/\/api.w.org\/{rel}","templated":true}]}}