{"id":7290,"date":"2023-03-31T17:27:38","date_gmt":"2023-03-31T15:27:38","guid":{"rendered":"https:\/\/www.microtecnicatrevisana.com\/qualitaet-2\/"},"modified":"2026-04-27T11:07:24","modified_gmt":"2026-04-27T09:07:24","slug":"qualitaet-2","status":"publish","type":"page","link":"https:\/\/www.microtecnicatrevisana.com\/de\/qualitaet-2\/","title":{"rendered":"Qualit\u00e4t"},"content":{"rendered":"\t\t<div data-elementor-type=\"wp-page\" data-elementor-id=\"7290\" class=\"elementor elementor-7290 elementor-6228\" data-elementor-post-type=\"page\">\n\t\t\t\t\t\t<section class=\"elementor-section elementor-top-section elementor-element elementor-element-a818c1c elementor-section-height-min-height elementor-section-items-bottom elementor-section-full_width elementor-section-height-default\" data-id=\"a818c1c\" data-element_type=\"section\" data-e-type=\"section\" data-settings=\"{&quot;background_background&quot;:&quot;classic&quot;}\">\n\t\t\t\t\t\t<div class=\"elementor-container elementor-column-gap-default\">\n\t\t\t\t\t<div class=\"elementor-column elementor-col-50 elementor-top-column elementor-element elementor-element-0d883df\" data-id=\"0d883df\" data-element_type=\"column\" data-e-type=\"column\">\n\t\t\t<div class=\"elementor-widget-wrap elementor-element-populated\">\n\t\t\t\t\t\t<div class=\"elementor-element elementor-element-e21c9a8 elementor-widget elementor-widget-heading\" data-id=\"e21c9a8\" data-element_type=\"widget\" data-e-type=\"widget\" data-widget_type=\"heading.default\">\n\t\t\t\t<div class=\"elementor-widget-container\">\n\t\t\t\t\t<p class=\"elementor-heading-title elementor-size-default\">Qualit\u00e4t<\/p>\t\t\t\t<\/div>\n\t\t\t\t<\/div>\n\t\t\t\t\t<\/div>\n\t\t<\/div>\n\t\t\t\t<div class=\"elementor-column elementor-col-50 elementor-top-column elementor-element elementor-element-e9101e0\" data-id=\"e9101e0\" data-element_type=\"column\" data-e-type=\"column\">\n\t\t\t<div class=\"elementor-widget-wrap\">\n\t\t\t\t\t\t\t<\/div>\n\t\t<\/div>\n\t\t\t\t\t<\/div>\n\t\t<\/section>\n\t\t\t\t<section class=\"elementor-section elementor-top-section elementor-element elementor-element-9cfc4b8 elementor-section-full_width elementor-section-height-default elementor-section-height-default\" data-id=\"9cfc4b8\" data-element_type=\"section\" data-e-type=\"section\">\n\t\t\t\t\t\t<div class=\"elementor-container elementor-column-gap-no\">\n\t\t\t\t\t<div class=\"elementor-column elementor-col-50 elementor-top-column elementor-element elementor-element-ac0b700 animated-fast elementor-invisible\" data-id=\"ac0b700\" data-element_type=\"column\" data-e-type=\"column\" data-settings=\"{&quot;animation&quot;:&quot;slideInLeft&quot;}\">\n\t\t\t<div class=\"elementor-widget-wrap elementor-element-populated\">\n\t\t\t\t\t\t<div class=\"elementor-element elementor-element-7314308 elementor-widget elementor-widget-heading\" data-id=\"7314308\" data-element_type=\"widget\" data-e-type=\"widget\" data-widget_type=\"heading.default\">\n\t\t\t\t<div class=\"elementor-widget-container\">\n\t\t\t\t\t<h1 class=\"elementor-heading-title elementor-size-default\">Bei Microtecnica Trevisana ist Qualit\u00e4t eine st\u00e4ndige Priorit\u00e4t<\/h1>\t\t\t\t<\/div>\n\t\t\t\t<\/div>\n\t\t\t\t<div class=\"elementor-element elementor-element-22f9dff elementor-widget elementor-widget-text-editor\" data-id=\"22f9dff\" data-element_type=\"widget\" data-e-type=\"widget\" data-settings=\"{&quot;_animation&quot;:&quot;none&quot;,&quot;_animation_delay&quot;:500}\" data-widget_type=\"text-editor.default\">\n\t\t\t\t<div class=\"elementor-widget-container\">\n\t\t\t\t\t\t\t\t\t<p>Beim Pr\u00e4zisionsdreherei ist Qualit\u00e4t nicht nur eine Option, sondern eine Notwendigkeit, um die Kundenanforderungen zu erf\u00fcllen und eine hohe Zuverl\u00e4ssigkeit unter extremen Einsatzbedingungen zu gew\u00e4hrleisten.<\/p>\n<p>Zu diesem Zweck verwenden wir bei Microtecnica Trevisana nur hochwertige Materialien und fortschrittliche Technologien, um Pr\u00e4zisionstoleranzen zu gew\u00e4hrleisten. Au\u00dferdem forschen wir st\u00e4ndig nach neuen Technologien und Methoden, um unsere Arbeit zu verbessern.<\/p>\n<p>Unser Spezialistenteam verf\u00fcgt \u00fcber eine breite Palette von Messinstrumenten wie Mikrometer, Lehren und optische Messger\u00e4te.<\/p>\n<p>Au\u00dferdem setzen wir ein effizientes Managementsystem ein, um die Qualit\u00e4t unserer Produkte zu pr\u00fcfen und eventuelle Probleme schnell zu identifizieren.<\/p>\n\t\t\t\t\t\t\t\t<\/div>\n\t\t\t\t<\/div>\n\t\t\t\t\t<\/div>\n\t\t<\/div>\n\t\t\t\t<div class=\"elementor-column elementor-col-50 elementor-top-column elementor-element elementor-element-fe843f5 animated-fast elementor-invisible\" data-id=\"fe843f5\" data-element_type=\"column\" data-e-type=\"column\" data-settings=\"{&quot;background_background&quot;:&quot;slideshow&quot;,&quot;background_slideshow_gallery&quot;:[{&quot;id&quot;:4950,&quot;url&quot;:&quot;https:\\\/\\\/www.microtecnicatrevisana.com\\\/wp-content\\\/uploads\\\/2022\\\/07\\\/sala-metrologica.jpg&quot;},{&quot;id&quot;:5600,&quot;url&quot;:&quot;https:\\\/\\\/www.microtecnicatrevisana.com\\\/wp-content\\\/uploads\\\/2023\\\/01\\\/CQ_02-scaled.jpg&quot;}],&quot;animation&quot;:&quot;slideInRight&quot;,&quot;background_slideshow_slide_duration&quot;:2500,&quot;background_slideshow_loop&quot;:&quot;yes&quot;,&quot;background_slideshow_slide_transition&quot;:&quot;fade&quot;,&quot;background_slideshow_transition_duration&quot;:500}\">\n\t\t\t<div class=\"elementor-widget-wrap elementor-element-populated\">\n\t\t\t\t\t\t<div class=\"elementor-element elementor-element-ee83286 elementor-widget elementor-widget-spacer\" data-id=\"ee83286\" data-element_type=\"widget\" data-e-type=\"widget\" data-widget_type=\"spacer.default\">\n\t\t\t\t<div class=\"elementor-widget-container\">\n\t\t\t\t\t\t\t<div class=\"elementor-spacer\">\n\t\t\t<div class=\"elementor-spacer-inner\"><\/div>\n\t\t<\/div>\n\t\t\t\t\t\t<\/div>\n\t\t\t\t<\/div>\n\t\t\t\t\t<\/div>\n\t\t<\/div>\n\t\t\t\t\t<\/div>\n\t\t<\/section>\n\t\t\t\t<section class=\"elementor-section elementor-top-section elementor-element elementor-element-e6a579f elementor-section-full_width elementor-reverse-tablet elementor-reverse-mobile elementor-section-height-default elementor-section-height-default\" data-id=\"e6a579f\" data-element_type=\"section\" data-e-type=\"section\">\n\t\t\t\t\t\t<div class=\"elementor-container elementor-column-gap-no\">\n\t\t\t\t\t<div class=\"elementor-column elementor-col-50 elementor-top-column elementor-element elementor-element-1046c98 animated-fast elementor-invisible\" data-id=\"1046c98\" data-element_type=\"column\" data-e-type=\"column\" data-settings=\"{&quot;background_background&quot;:&quot;classic&quot;,&quot;animation&quot;:&quot;slideInLeft&quot;}\">\n\t\t\t<div class=\"elementor-widget-wrap elementor-element-populated\">\n\t\t\t\t\t\t<div class=\"elementor-element elementor-element-f7663fd elementor-widget__width-initial elementor-widget elementor-widget-video\" data-id=\"f7663fd\" data-element_type=\"widget\" data-e-type=\"widget\" data-settings=\"{&quot;youtube_url&quot;:&quot;https:\\\/\\\/www.youtube.com\\\/shorts\\\/68lTpSxmoJ0&quot;,&quot;video_type&quot;:&quot;youtube&quot;,&quot;controls&quot;:&quot;yes&quot;}\" data-widget_type=\"video.default\">\n\t\t\t\t<div class=\"elementor-widget-container\">\n\t\t\t\t\t\t\t<div class=\"elementor-wrapper elementor-open-inline\">\n\t\t\t<div class=\"elementor-video\"><\/div>\t\t<\/div>\n\t\t\t\t\t\t<\/div>\n\t\t\t\t<\/div>\n\t\t\t\t\t<\/div>\n\t\t<\/div>\n\t\t\t\t<div class=\"elementor-column elementor-col-50 elementor-top-column elementor-element elementor-element-0855102 animated-fast elementor-invisible\" data-id=\"0855102\" data-element_type=\"column\" data-e-type=\"column\" data-settings=\"{&quot;animation&quot;:&quot;slideInRight&quot;}\">\n\t\t\t<div class=\"elementor-widget-wrap elementor-element-populated\">\n\t\t\t\t\t\t<div class=\"elementor-element elementor-element-16a535b elementor-widget elementor-widget-text-editor\" data-id=\"16a535b\" data-element_type=\"widget\" data-e-type=\"widget\" data-settings=\"{&quot;_animation&quot;:&quot;none&quot;,&quot;_animation_delay&quot;:500}\" data-widget_type=\"text-editor.default\">\n\t\t\t\t<div class=\"elementor-widget-container\">\n\t\t\t\t\t\t\t\t\t<p>Das Managementsystem von Microtecnica Trevisana SRL ist vom ICIM nach UNI EN ISO 9001:2015 und EN 9100:2018 zertifiziert.<\/p>\n<p>St\u00e4ndige SPC-Kontrollen an den Maschinen, Erst und Endpr\u00fcfungen sowie die.<\/p>\n<p>R\u00fcckverfolgung unserer Produkte geh\u00f6ren zu unserer Standardarbeitsweise, die es uns erm\u00f6glicht, jede Phase des Produktionsprozesses zu \u00fcberwachen.<\/p>\n<p>Auf Wunsch stellen wir unseren Kunden auch PPAP-Dokumente f\u00fcr die Zulassung neuer Produkte zur Verf\u00fcgung.<\/p>\n<p>Wir sind stolz auf den guten Ruf, den wir uns im Laufe der Jahre erarbeitet haben, und wir sind bestrebt, ihn st\u00e4ndig zu erhalten.<\/p>\n\t\t\t\t\t\t\t\t<\/div>\n\t\t\t\t<\/div>\n\t\t\t\t<section class=\"elementor-section elementor-inner-section elementor-element elementor-element-27f10f6 elementor-section-boxed elementor-section-height-default elementor-section-height-default\" data-id=\"27f10f6\" data-element_type=\"section\" data-e-type=\"section\">\n\t\t\t\t\t\t<div class=\"elementor-container elementor-column-gap-default\">\n\t\t\t\t\t<div class=\"elementor-column elementor-col-50 elementor-inner-column elementor-element elementor-element-fadc67e\" data-id=\"fadc67e\" data-element_type=\"column\" data-e-type=\"column\">\n\t\t\t<div class=\"elementor-widget-wrap elementor-element-populated\">\n\t\t\t\t\t\t<div class=\"elementor-element elementor-element-376d490 elementor-widget elementor-widget-image\" data-id=\"376d490\" data-element_type=\"widget\" data-e-type=\"widget\" data-widget_type=\"image.default\">\n\t\t\t\t<div class=\"elementor-widget-container\">\n\t\t\t\t\t\t\t\t\t\t\t\t\t\t\t<img decoding=\"async\" src=\"https:\/\/www.microtecnicatrevisana.com\/wp-content\/uploads\/pdf\/MicrotecnicaTrevisana-ISO9001-logo.png\" title=\"\" alt=\"\" loading=\"lazy\" \/>\t\t\t\t\t\t\t\t\t\t\t\t\t\t\t<\/div>\n\t\t\t\t<\/div>\n\t\t\t\t\t<\/div>\n\t\t<\/div>\n\t\t\t\t<div class=\"elementor-column elementor-col-50 elementor-inner-column elementor-element elementor-element-f893976\" data-id=\"f893976\" data-element_type=\"column\" data-e-type=\"column\">\n\t\t\t<div class=\"elementor-widget-wrap elementor-element-populated\">\n\t\t\t\t\t\t<div class=\"elementor-element elementor-element-f4d7df9 elementor-widget elementor-widget-image\" data-id=\"f4d7df9\" data-element_type=\"widget\" data-e-type=\"widget\" data-widget_type=\"image.default\">\n\t\t\t\t<div class=\"elementor-widget-container\">\n\t\t\t\t\t\t\t\t\t\t\t\t\t\t\t<img decoding=\"async\" src=\"https:\/\/www.microtecnicatrevisana.com\/wp-content\/uploads\/pdf\/MicrotecnicaTrevisana-EN-9100-logo.png\" title=\"\" alt=\"\" loading=\"lazy\" \/>\t\t\t\t\t\t\t\t\t\t\t\t\t\t\t<\/div>\n\t\t\t\t<\/div>\n\t\t\t\t\t<\/div>\n\t\t<\/div>\n\t\t\t\t\t<\/div>\n\t\t<\/section>\n\t\t\t\t<section class=\"elementor-section elementor-inner-section elementor-element elementor-element-97a566f elementor-section-boxed elementor-section-height-default elementor-section-height-default\" data-id=\"97a566f\" data-element_type=\"section\" data-e-type=\"section\">\n\t\t\t\t\t\t<div class=\"elementor-container elementor-column-gap-default\">\n\t\t\t\t\t<div class=\"elementor-column elementor-col-50 elementor-inner-column elementor-element elementor-element-c305885\" data-id=\"c305885\" data-element_type=\"column\" data-e-type=\"column\">\n\t\t\t<div class=\"elementor-widget-wrap elementor-element-populated\">\n\t\t\t\t\t\t<div class=\"elementor-element elementor-element-bcfe31c elementor-widget elementor-widget-image\" data-id=\"bcfe31c\" data-element_type=\"widget\" data-e-type=\"widget\" data-widget_type=\"image.default\">\n\t\t\t\t<div class=\"elementor-widget-container\">\n\t\t\t\t\t\t\t\t\t\t\t\t\t\t\t<img fetchpriority=\"high\" decoding=\"async\" width=\"300\" height=\"300\" src=\"https:\/\/www.microtecnicatrevisana.com\/wp-content\/uploads\/2026\/02\/Marchio-CISQ-web-e1770824090636.jpg\" class=\"attachment-large size-large wp-image-9465\" alt=\"\" \/>\t\t\t\t\t\t\t\t\t\t\t\t\t\t\t<\/div>\n\t\t\t\t<\/div>\n\t\t\t\t\t<\/div>\n\t\t<\/div>\n\t\t\t\t<div class=\"elementor-column elementor-col-50 elementor-inner-column elementor-element elementor-element-db87064\" data-id=\"db87064\" data-element_type=\"column\" data-e-type=\"column\">\n\t\t\t<div class=\"elementor-widget-wrap elementor-element-populated\">\n\t\t\t\t\t\t<div class=\"elementor-element elementor-element-a01c6d0 elementor-widget elementor-widget-image\" data-id=\"a01c6d0\" data-element_type=\"widget\" data-e-type=\"widget\" data-widget_type=\"image.default\">\n\t\t\t\t<div class=\"elementor-widget-container\">\n\t\t\t\t\t\t\t\t\t\t\t\t\t\t\t<img decoding=\"async\" width=\"300\" height=\"300\" src=\"https:\/\/www.microtecnicatrevisana.com\/wp-content\/uploads\/2026\/02\/Marchio-IQNET-web-e1770824078559.jpg\" class=\"attachment-large size-large wp-image-9462\" alt=\"\" \/>\t\t\t\t\t\t\t\t\t\t\t\t\t\t\t<\/div>\n\t\t\t\t<\/div>\n\t\t\t\t\t<\/div>\n\t\t<\/div>\n\t\t\t\t\t<\/div>\n\t\t<\/section>\n\t\t\t\t\t<\/div>\n\t\t<\/div>\n\t\t\t\t\t<\/div>\n\t\t<\/section>\n\t\t\t\t<\/div>\n\t\t","protected":false},"excerpt":{"rendered":"<p>Bei Microtecnica Trevisana ist Qualit\u00e4t eine st\u00e4ndige Priorit\u00e4t Beim Pr\u00e4zisionsdreherei ist Qualit\u00e4t nicht nur eine Option, sondern eine Notwendigkeit, um die Kundenanforderungen zu erf\u00fcllen und eine hohe Zuverl\u00e4ssigkeit unter extremen Einsatzbedingungen zu gew\u00e4hrleisten. Zu diesem Zweck verwenden wir bei Microtecnica Trevisana nur hochwertige Materialien und fortschrittliche Technologien, um Pr\u00e4zisionstoleranzen zu gew\u00e4hrleisten. Au\u00dferdem forschen wir st\u00e4ndig [&hellip;]<\/p>\n","protected":false},"author":1,"featured_media":0,"parent":0,"menu_order":0,"comment_status":"closed","ping_status":"closed","template":"elementor_header_footer","meta":{"ocean_post_layout":"","ocean_both_sidebars_style":"","ocean_both_sidebars_content_width":0,"ocean_both_sidebars_sidebars_width":0,"ocean_sidebar":"0","ocean_second_sidebar":"0","ocean_disable_margins":"enable","ocean_add_body_class":"","ocean_shortcode_before_top_bar":"","ocean_shortcode_after_top_bar":"","ocean_shortcode_before_header":"","ocean_shortcode_after_header":"","ocean_has_shortcode":"","ocean_shortcode_after_title":"","ocean_shortcode_before_footer_widgets":"","ocean_shortcode_after_footer_widgets":"","ocean_shortcode_before_footer_bottom":"","ocean_shortcode_after_footer_bottom":"","ocean_display_top_bar":"default","ocean_display_header":"default","ocean_header_style":"","ocean_center_header_left_menu":"0","ocean_custom_header_template":"0","ocean_custom_logo":0,"ocean_custom_retina_logo":0,"ocean_custom_logo_max_width":0,"ocean_custom_logo_tablet_max_width":0,"ocean_custom_logo_mobile_max_width":0,"ocean_custom_logo_max_height":0,"ocean_custom_logo_tablet_max_height":0,"ocean_custom_logo_mobile_max_height":0,"ocean_header_custom_menu":"0","ocean_menu_typo_font_family":"0","ocean_menu_typo_font_subset":"","ocean_menu_typo_font_size":0,"ocean_menu_typo_font_size_tablet":0,"ocean_menu_typo_font_size_mobile":0,"ocean_menu_typo_font_size_unit":"px","ocean_menu_typo_font_weight":"","ocean_menu_typo_font_weight_tablet":"","ocean_menu_typo_font_weight_mobile":"","ocean_menu_typo_transform":"","ocean_menu_typo_transform_tablet":"","ocean_menu_typo_transform_mobile":"","ocean_menu_typo_line_height":0,"ocean_menu_typo_line_height_tablet":0,"ocean_menu_typo_line_height_mobile":0,"ocean_menu_typo_line_height_unit":"","ocean_menu_typo_spacing":0,"ocean_menu_typo_spacing_tablet":0,"ocean_menu_typo_spacing_mobile":0,"ocean_menu_typo_spacing_unit":"","ocean_menu_link_color":"","ocean_menu_link_color_hover":"","ocean_menu_link_color_active":"","ocean_menu_link_background":"","ocean_menu_link_hover_background":"","ocean_menu_link_active_background":"","ocean_menu_social_links_bg":"","ocean_menu_social_hover_links_bg":"","ocean_menu_social_links_color":"","ocean_menu_social_hover_links_color":"","ocean_disable_title":"default","ocean_disable_heading":"default","ocean_post_title":"","ocean_post_subheading":"","ocean_post_title_style":"","ocean_post_title_background_color":"","ocean_post_title_background":0,"ocean_post_title_bg_image_position":"","ocean_post_title_bg_image_attachment":"","ocean_post_title_bg_image_repeat":"","ocean_post_title_bg_image_size":"","ocean_post_title_height":0,"ocean_post_title_bg_overlay":0.5,"ocean_post_title_bg_overlay_color":"","ocean_disable_breadcrumbs":"default","ocean_breadcrumbs_color":"","ocean_breadcrumbs_separator_color":"","ocean_breadcrumbs_links_color":"","ocean_breadcrumbs_links_hover_color":"","ocean_display_footer_widgets":"default","ocean_display_footer_bottom":"default","ocean_custom_footer_template":"0","footnotes":""},"class_list":["post-7290","page","type-page","status-publish","hentry","entry"],"yoast_head":"<!-- This site is optimized with the Yoast SEO plugin v27.3 - https:\/\/yoast.com\/product\/yoast-seo-wordpress\/ -->\n<title>Qualit\u00e4t<\/title>\n<meta name=\"description\" content=\"Bei Microtecnica Trevisana ist Qualit\u00e4t eine st\u00e4ndige Priorit\u00e4t\" \/>\n<meta name=\"robots\" content=\"index, follow, max-snippet:-1, max-image-preview:large, max-video-preview:-1\" \/>\n<link rel=\"canonical\" href=\"https:\/\/www.microtecnicatrevisana.com\/de\/qualitaet-2\/\" \/>\n<meta property=\"og:locale\" content=\"de_DE\" \/>\n<meta property=\"og:type\" content=\"article\" \/>\n<meta property=\"og:title\" content=\"Qualit\u00e4t\" \/>\n<meta property=\"og:description\" content=\"Bei Microtecnica Trevisana ist Qualit\u00e4t eine st\u00e4ndige Priorit\u00e4t\" \/>\n<meta property=\"og:url\" content=\"https:\/\/www.microtecnicatrevisana.com\/de\/qualitaet-2\/\" \/>\n<meta property=\"og:site_name\" content=\"Microtecnica Trevisana\" \/>\n<meta property=\"article:modified_time\" content=\"2026-04-27T09:07:24+00:00\" \/>\n<meta property=\"og:image\" content=\"https:\/\/www.microtecnicatrevisana.com\/wp-content\/uploads\/pdf\/MicrotecnicaTrevisana-ISO9001-logo.png\" \/>\n<meta name=\"twitter:card\" content=\"summary_large_image\" \/>\n<meta name=\"twitter:label1\" content=\"Gesch\u00e4tzte Lesezeit\" \/>\n\t<meta name=\"twitter:data1\" content=\"1\u00a0Minute\" \/>\n<script type=\"application\/ld+json\" class=\"yoast-schema-graph\">{\"@context\":\"https:\\\/\\\/schema.org\",\"@graph\":[{\"@type\":\"WebPage\",\"@id\":\"https:\\\/\\\/www.microtecnicatrevisana.com\\\/de\\\/qualitaet-2\\\/\",\"url\":\"https:\\\/\\\/www.microtecnicatrevisana.com\\\/de\\\/qualitaet-2\\\/\",\"name\":\"Qualit\u00e4t\",\"isPartOf\":{\"@id\":\"https:\\\/\\\/www.microtecnicatrevisana.com\\\/de\\\/#website\"},\"primaryImageOfPage\":{\"@id\":\"https:\\\/\\\/www.microtecnicatrevisana.com\\\/de\\\/qualitaet-2\\\/#primaryimage\"},\"image\":{\"@id\":\"https:\\\/\\\/www.microtecnicatrevisana.com\\\/de\\\/qualitaet-2\\\/#primaryimage\"},\"thumbnailUrl\":\"https:\\\/\\\/www.microtecnicatrevisana.com\\\/wp-content\\\/uploads\\\/pdf\\\/MicrotecnicaTrevisana-ISO9001-logo.png\",\"datePublished\":\"2023-03-31T15:27:38+00:00\",\"dateModified\":\"2026-04-27T09:07:24+00:00\",\"description\":\"Bei Microtecnica Trevisana ist Qualit\u00e4t eine st\u00e4ndige Priorit\u00e4t\",\"breadcrumb\":{\"@id\":\"https:\\\/\\\/www.microtecnicatrevisana.com\\\/de\\\/qualitaet-2\\\/#breadcrumb\"},\"inLanguage\":\"de\",\"potentialAction\":[{\"@type\":\"ReadAction\",\"target\":[\"https:\\\/\\\/www.microtecnicatrevisana.com\\\/de\\\/qualitaet-2\\\/\"]}]},{\"@type\":\"ImageObject\",\"inLanguage\":\"de\",\"@id\":\"https:\\\/\\\/www.microtecnicatrevisana.com\\\/de\\\/qualitaet-2\\\/#primaryimage\",\"url\":\"https:\\\/\\\/www.microtecnicatrevisana.com\\\/wp-content\\\/uploads\\\/pdf\\\/MicrotecnicaTrevisana-ISO9001-logo.png\",\"contentUrl\":\"https:\\\/\\\/www.microtecnicatrevisana.com\\\/wp-content\\\/uploads\\\/pdf\\\/MicrotecnicaTrevisana-ISO9001-logo.png\"},{\"@type\":\"BreadcrumbList\",\"@id\":\"https:\\\/\\\/www.microtecnicatrevisana.com\\\/de\\\/qualitaet-2\\\/#breadcrumb\",\"itemListElement\":[{\"@type\":\"ListItem\",\"position\":1,\"name\":\"Home\",\"item\":\"https:\\\/\\\/www.microtecnicatrevisana.com\\\/de\\\/\"},{\"@type\":\"ListItem\",\"position\":2,\"name\":\"Qualit\u00e4t\"}]},{\"@type\":\"WebSite\",\"@id\":\"https:\\\/\\\/www.microtecnicatrevisana.com\\\/de\\\/#website\",\"url\":\"https:\\\/\\\/www.microtecnicatrevisana.com\\\/de\\\/\",\"name\":\"Microtecnica Trevisana\",\"description\":\"\",\"publisher\":{\"@id\":\"https:\\\/\\\/www.microtecnicatrevisana.com\\\/de\\\/#organization\"},\"potentialAction\":[{\"@type\":\"SearchAction\",\"target\":{\"@type\":\"EntryPoint\",\"urlTemplate\":\"https:\\\/\\\/www.microtecnicatrevisana.com\\\/de\\\/?s={search_term_string}\"},\"query-input\":{\"@type\":\"PropertyValueSpecification\",\"valueRequired\":true,\"valueName\":\"search_term_string\"}}],\"inLanguage\":\"de\"},{\"@type\":\"Organization\",\"@id\":\"https:\\\/\\\/www.microtecnicatrevisana.com\\\/de\\\/#organization\",\"name\":\"Microtecnica Trevisana\",\"url\":\"https:\\\/\\\/www.microtecnicatrevisana.com\\\/de\\\/\",\"logo\":{\"@type\":\"ImageObject\",\"inLanguage\":\"de\",\"@id\":\"https:\\\/\\\/www.microtecnicatrevisana.com\\\/de\\\/#\\\/schema\\\/logo\\\/image\\\/\",\"url\":\"https:\\\/\\\/www.microtecnicatrevisana.com\\\/wp-content\\\/uploads\\\/2021\\\/11\\\/cropped-MICROTECNICA_TREVISANA_LOGO_ORIZZONTALE_POSITIVO.png\",\"contentUrl\":\"https:\\\/\\\/www.microtecnicatrevisana.com\\\/wp-content\\\/uploads\\\/2021\\\/11\\\/cropped-MICROTECNICA_TREVISANA_LOGO_ORIZZONTALE_POSITIVO.png\",\"width\":581,\"height\":99,\"caption\":\"Microtecnica Trevisana\"},\"image\":{\"@id\":\"https:\\\/\\\/www.microtecnicatrevisana.com\\\/de\\\/#\\\/schema\\\/logo\\\/image\\\/\"}}]}<\/script>\n<!-- \/ Yoast SEO plugin. -->","yoast_head_json":{"title":"Qualit\u00e4t","description":"Bei Microtecnica Trevisana ist Qualit\u00e4t eine st\u00e4ndige Priorit\u00e4t","robots":{"index":"index","follow":"follow","max-snippet":"max-snippet:-1","max-image-preview":"max-image-preview:large","max-video-preview":"max-video-preview:-1"},"canonical":"https:\/\/www.microtecnicatrevisana.com\/de\/qualitaet-2\/","og_locale":"de_DE","og_type":"article","og_title":"Qualit\u00e4t","og_description":"Bei Microtecnica Trevisana ist Qualit\u00e4t eine st\u00e4ndige Priorit\u00e4t","og_url":"https:\/\/www.microtecnicatrevisana.com\/de\/qualitaet-2\/","og_site_name":"Microtecnica Trevisana","article_modified_time":"2026-04-27T09:07:24+00:00","og_image":[{"url":"https:\/\/www.microtecnicatrevisana.com\/wp-content\/uploads\/pdf\/MicrotecnicaTrevisana-ISO9001-logo.png","type":"","width":"","height":""}],"twitter_card":"summary_large_image","twitter_misc":{"Gesch\u00e4tzte Lesezeit":"1\u00a0Minute"},"schema":{"@context":"https:\/\/schema.org","@graph":[{"@type":"WebPage","@id":"https:\/\/www.microtecnicatrevisana.com\/de\/qualitaet-2\/","url":"https:\/\/www.microtecnicatrevisana.com\/de\/qualitaet-2\/","name":"Qualit\u00e4t","isPartOf":{"@id":"https:\/\/www.microtecnicatrevisana.com\/de\/#website"},"primaryImageOfPage":{"@id":"https:\/\/www.microtecnicatrevisana.com\/de\/qualitaet-2\/#primaryimage"},"image":{"@id":"https:\/\/www.microtecnicatrevisana.com\/de\/qualitaet-2\/#primaryimage"},"thumbnailUrl":"https:\/\/www.microtecnicatrevisana.com\/wp-content\/uploads\/pdf\/MicrotecnicaTrevisana-ISO9001-logo.png","datePublished":"2023-03-31T15:27:38+00:00","dateModified":"2026-04-27T09:07:24+00:00","description":"Bei Microtecnica Trevisana ist Qualit\u00e4t eine st\u00e4ndige Priorit\u00e4t","breadcrumb":{"@id":"https:\/\/www.microtecnicatrevisana.com\/de\/qualitaet-2\/#breadcrumb"},"inLanguage":"de","potentialAction":[{"@type":"ReadAction","target":["https:\/\/www.microtecnicatrevisana.com\/de\/qualitaet-2\/"]}]},{"@type":"ImageObject","inLanguage":"de","@id":"https:\/\/www.microtecnicatrevisana.com\/de\/qualitaet-2\/#primaryimage","url":"https:\/\/www.microtecnicatrevisana.com\/wp-content\/uploads\/pdf\/MicrotecnicaTrevisana-ISO9001-logo.png","contentUrl":"https:\/\/www.microtecnicatrevisana.com\/wp-content\/uploads\/pdf\/MicrotecnicaTrevisana-ISO9001-logo.png"},{"@type":"BreadcrumbList","@id":"https:\/\/www.microtecnicatrevisana.com\/de\/qualitaet-2\/#breadcrumb","itemListElement":[{"@type":"ListItem","position":1,"name":"Home","item":"https:\/\/www.microtecnicatrevisana.com\/de\/"},{"@type":"ListItem","position":2,"name":"Qualit\u00e4t"}]},{"@type":"WebSite","@id":"https:\/\/www.microtecnicatrevisana.com\/de\/#website","url":"https:\/\/www.microtecnicatrevisana.com\/de\/","name":"Microtecnica Trevisana","description":"","publisher":{"@id":"https:\/\/www.microtecnicatrevisana.com\/de\/#organization"},"potentialAction":[{"@type":"SearchAction","target":{"@type":"EntryPoint","urlTemplate":"https:\/\/www.microtecnicatrevisana.com\/de\/?s={search_term_string}"},"query-input":{"@type":"PropertyValueSpecification","valueRequired":true,"valueName":"search_term_string"}}],"inLanguage":"de"},{"@type":"Organization","@id":"https:\/\/www.microtecnicatrevisana.com\/de\/#organization","name":"Microtecnica Trevisana","url":"https:\/\/www.microtecnicatrevisana.com\/de\/","logo":{"@type":"ImageObject","inLanguage":"de","@id":"https:\/\/www.microtecnicatrevisana.com\/de\/#\/schema\/logo\/image\/","url":"https:\/\/www.microtecnicatrevisana.com\/wp-content\/uploads\/2021\/11\/cropped-MICROTECNICA_TREVISANA_LOGO_ORIZZONTALE_POSITIVO.png","contentUrl":"https:\/\/www.microtecnicatrevisana.com\/wp-content\/uploads\/2021\/11\/cropped-MICROTECNICA_TREVISANA_LOGO_ORIZZONTALE_POSITIVO.png","width":581,"height":99,"caption":"Microtecnica Trevisana"},"image":{"@id":"https:\/\/www.microtecnicatrevisana.com\/de\/#\/schema\/logo\/image\/"}}]}},"_links":{"self":[{"href":"https:\/\/www.microtecnicatrevisana.com\/de\/wp-json\/wp\/v2\/pages\/7290","targetHints":{"allow":["GET"]}}],"collection":[{"href":"https:\/\/www.microtecnicatrevisana.com\/de\/wp-json\/wp\/v2\/pages"}],"about":[{"href":"https:\/\/www.microtecnicatrevisana.com\/de\/wp-json\/wp\/v2\/types\/page"}],"author":[{"embeddable":true,"href":"https:\/\/www.microtecnicatrevisana.com\/de\/wp-json\/wp\/v2\/users\/1"}],"replies":[{"embeddable":true,"href":"https:\/\/www.microtecnicatrevisana.com\/de\/wp-json\/wp\/v2\/comments?post=7290"}],"version-history":[{"count":22,"href":"https:\/\/www.microtecnicatrevisana.com\/de\/wp-json\/wp\/v2\/pages\/7290\/revisions"}],"predecessor-version":[{"id":9858,"href":"https:\/\/www.microtecnicatrevisana.com\/de\/wp-json\/wp\/v2\/pages\/7290\/revisions\/9858"}],"wp:attachment":[{"href":"https:\/\/www.microtecnicatrevisana.com\/de\/wp-json\/wp\/v2\/media?parent=7290"}],"curies":[{"name":"wp","href":"https:\/\/api.w.org\/{rel}","templated":true}]}}