{"id":2108,"date":"2021-10-20T11:43:42","date_gmt":"2021-10-20T09:43:42","guid":{"rendered":"https:\/\/www.microtecnicatrevisana.com\/informativa\/"},"modified":"2021-10-20T11:44:16","modified_gmt":"2021-10-20T09:44:16","slug":"informativa","status":"publish","type":"page","link":"https:\/\/www.microtecnicatrevisana.com\/de\/informativa\/","title":{"rendered":"Informativa"},"content":{"rendered":"\t\t<div data-elementor-type=\"wp-page\" data-elementor-id=\"2108\" class=\"elementor elementor-2108 elementor-2071\" data-elementor-post-type=\"page\">\n\t\t\t\t\t\t<section class=\"elementor-section elementor-top-section elementor-element elementor-element-9a4c88c elementor-section-height-min-height elementor-section-items-bottom elementor-section-boxed elementor-section-height-default\" data-id=\"9a4c88c\" data-element_type=\"section\" data-e-type=\"section\" data-settings=\"{&quot;background_background&quot;:&quot;classic&quot;}\">\n\t\t\t\t\t\t<div class=\"elementor-container elementor-column-gap-default\">\n\t\t\t\t\t<div class=\"elementor-column elementor-col-50 elementor-top-column elementor-element elementor-element-fdf7349\" data-id=\"fdf7349\" data-element_type=\"column\" data-e-type=\"column\">\n\t\t\t<div class=\"elementor-widget-wrap elementor-element-populated\">\n\t\t\t\t\t\t<div class=\"elementor-element elementor-element-67c7f80 elementor-widget elementor-widget-heading\" data-id=\"67c7f80\" data-element_type=\"widget\" data-e-type=\"widget\" data-widget_type=\"heading.default\">\n\t\t\t\t<div class=\"elementor-widget-container\">\n\t\t\t\t\t<p class=\"elementor-heading-title elementor-size-default\">Informativa<\/p>\t\t\t\t<\/div>\n\t\t\t\t<\/div>\n\t\t\t\t\t<\/div>\n\t\t<\/div>\n\t\t\t\t<div class=\"elementor-column elementor-col-50 elementor-top-column elementor-element elementor-element-445505b\" data-id=\"445505b\" data-element_type=\"column\" data-e-type=\"column\">\n\t\t\t<div class=\"elementor-widget-wrap elementor-element-populated\">\n\t\t\t\t\t\t<div class=\"elementor-element elementor-element-0bbda65 elementor-widget elementor-widget-image\" data-id=\"0bbda65\" data-element_type=\"widget\" data-e-type=\"widget\" data-widget_type=\"image.default\">\n\t\t\t\t<div class=\"elementor-widget-container\">\n\t\t\t\t\t\t\t\t\t\t\t\t\t\t\t<img fetchpriority=\"high\" decoding=\"async\" width=\"257\" height=\"486\" src=\"https:\/\/www.microtecnicatrevisana.com\/wp-content\/uploads\/2021\/06\/miniatura-metallica.jpg\" class=\"attachment-large size-large wp-image-368\" alt=\"\" srcset=\"https:\/\/www.microtecnicatrevisana.com\/wp-content\/uploads\/2021\/06\/miniatura-metallica.jpg 257w, https:\/\/www.microtecnicatrevisana.com\/wp-content\/uploads\/2021\/06\/miniatura-metallica-159x300.jpg 159w\" sizes=\"(max-width: 257px) 100vw, 257px\" \/>\t\t\t\t\t\t\t\t\t\t\t\t\t\t\t<\/div>\n\t\t\t\t<\/div>\n\t\t\t\t\t<\/div>\n\t\t<\/div>\n\t\t\t\t\t<\/div>\n\t\t<\/section>\n\t\t\t\t<section class=\"elementor-section elementor-top-section elementor-element elementor-element-7ce023c elementor-section-boxed elementor-section-height-default elementor-section-height-default\" data-id=\"7ce023c\" data-element_type=\"section\" data-e-type=\"section\">\n\t\t\t\t\t\t<div class=\"elementor-container elementor-column-gap-default\">\n\t\t\t\t\t<div class=\"elementor-column elementor-col-100 elementor-top-column elementor-element elementor-element-d8de83e\" data-id=\"d8de83e\" data-element_type=\"column\" data-e-type=\"column\">\n\t\t\t<div class=\"elementor-widget-wrap elementor-element-populated\">\n\t\t\t\t\t\t<div class=\"elementor-element elementor-element-d735aee elementor-widget elementor-widget-text-editor\" data-id=\"d735aee\" data-element_type=\"widget\" data-e-type=\"widget\" data-widget_type=\"text-editor.default\">\n\t\t\t\t<div class=\"elementor-widget-container\">\n\t\t\t\t\t\t\t\t\t<p><strong>Informationsschrift gem\u00e4\u00df Art. 13 der italienischen Gesetzesverordnung D.Lgs 196\/2003 und gem\u00e4\u00df den Artikeln 13-14 EU-Verordnung 2016\/679<\/strong><\/p>\n<p>Die durch das Ausf\u00fcllen dieses Formulars \u00fcbermittelten Daten werden auf Papier und elektronisch verarbeitet. Ihre Daten werden ausschlie\u00dflich zur Beantwortung Ihrer Anfrage verwendet. Die Bereitstellung der Daten und die Einwilligung zur Verarbeitung sind zwingend erforderlich, weil andernfalls keine E-Mail f\u00fcr die Kontaktanfrage versendet und beantwortet werden kann. Die von Ihnen zur Verf\u00fcgung gestellten Daten k\u00f6nnen mit Ihrer Einwilligung auch f\u00fcr den Versand von Informations- und Werbematerial oder f\u00fcr kommerzielle Mitteilungen \u00fcber neue Produkte oder Aktualisierungen und Neuigkeiten zu bereits existierenden Produkten verwendet werden. Die Bereitstellung von Daten hierf\u00fcr und \/ oder die Einwilligung zur Verarbeitung sind freiwillig und f\u00fchren nicht dazu, dass die angeforderte Leistung nicht erbracht werden kann. Die Daten werden von uns so lange aufbewahrt, wie es f\u00fcr die Verwaltung Ihrer Anfrage unbedingt erforderlich ist.<br \/>\nVerantwortlicher der Verarbeitung ist<\/p>\n<p><strong>www.microtecnicatrevisana.com\/de\/<\/strong><\/p>\n<p>, an den Sie sich gem\u00e4\u00df Art. 7 der italienischen Gesetzesverordnung D.lgs 96\/2003 und gem\u00e4\u00df den Artikeln 15-22 EU-Verordnung 2016\/679 f\u00fcr die Aus\u00fcbung Ihrer Rechte wenden k\u00f6nnen. Die vollst\u00e4ndige Informationsschrift finden Sie unter dem\u00a0<u><a href=\"http:\/\/privacypolicygenerator.it\/variabili-sito\/www.microtecnicatrevisana.com\/de\/privacy-policy\/\" target=\"_blank\" rel=\"noopener\">link<\/a><\/u>\u00a0<em>(www.microtecnicatrevisana.com\/de\/privacy-policy\/)<\/em><\/p>\n\t\t\t\t\t\t\t\t<\/div>\n\t\t\t\t<\/div>\n\t\t\t\t\t<\/div>\n\t\t<\/div>\n\t\t\t\t\t<\/div>\n\t\t<\/section>\n\t\t\t\t<\/div>\n\t\t","protected":false},"excerpt":{"rendered":"<p>Informationsschrift gem\u00e4\u00df Art. 13 der italienischen Gesetzesverordnung D.Lgs 196\/2003 und gem\u00e4\u00df den Artikeln 13-14 EU-Verordnung 2016\/679 Die durch das Ausf\u00fcllen dieses Formulars \u00fcbermittelten Daten werden auf Papier und elektronisch verarbeitet. Ihre Daten werden ausschlie\u00dflich zur Beantwortung Ihrer Anfrage verwendet. Die Bereitstellung der Daten und die Einwilligung zur Verarbeitung sind zwingend erforderlich, weil andernfalls keine E-Mail [&hellip;]<\/p>\n","protected":false},"author":1,"featured_media":0,"parent":0,"menu_order":0,"comment_status":"closed","ping_status":"closed","template":"elementor_header_footer","meta":{"ocean_post_layout":"","ocean_both_sidebars_style":"","ocean_both_sidebars_content_width":0,"ocean_both_sidebars_sidebars_width":0,"ocean_sidebar":"","ocean_second_sidebar":"","ocean_disable_margins":"enable","ocean_add_body_class":"","ocean_shortcode_before_top_bar":"","ocean_shortcode_after_top_bar":"","ocean_shortcode_before_header":"","ocean_shortcode_after_header":"","ocean_has_shortcode":"","ocean_shortcode_after_title":"","ocean_shortcode_before_footer_widgets":"","ocean_shortcode_after_footer_widgets":"","ocean_shortcode_before_footer_bottom":"","ocean_shortcode_after_footer_bottom":"","ocean_display_top_bar":"default","ocean_display_header":"default","ocean_header_style":"","ocean_center_header_left_menu":"","ocean_custom_header_template":"","ocean_custom_logo":0,"ocean_custom_retina_logo":0,"ocean_custom_logo_max_width":0,"ocean_custom_logo_tablet_max_width":0,"ocean_custom_logo_mobile_max_width":0,"ocean_custom_logo_max_height":0,"ocean_custom_logo_tablet_max_height":0,"ocean_custom_logo_mobile_max_height":0,"ocean_header_custom_menu":"","ocean_menu_typo_font_family":"","ocean_menu_typo_font_subset":"","ocean_menu_typo_font_size":0,"ocean_menu_typo_font_size_tablet":0,"ocean_menu_typo_font_size_mobile":0,"ocean_menu_typo_font_size_unit":"px","ocean_menu_typo_font_weight":"","ocean_menu_typo_font_weight_tablet":"","ocean_menu_typo_font_weight_mobile":"","ocean_menu_typo_transform":"","ocean_menu_typo_transform_tablet":"","ocean_menu_typo_transform_mobile":"","ocean_menu_typo_line_height":0,"ocean_menu_typo_line_height_tablet":0,"ocean_menu_typo_line_height_mobile":0,"ocean_menu_typo_line_height_unit":"","ocean_menu_typo_spacing":0,"ocean_menu_typo_spacing_tablet":0,"ocean_menu_typo_spacing_mobile":0,"ocean_menu_typo_spacing_unit":"","ocean_menu_link_color":"","ocean_menu_link_color_hover":"","ocean_menu_link_color_active":"","ocean_menu_link_background":"","ocean_menu_link_hover_background":"","ocean_menu_link_active_background":"","ocean_menu_social_links_bg":"","ocean_menu_social_hover_links_bg":"","ocean_menu_social_links_color":"","ocean_menu_social_hover_links_color":"","ocean_disable_title":"default","ocean_disable_heading":"default","ocean_post_title":"","ocean_post_subheading":"","ocean_post_title_style":"","ocean_post_title_background_color":"","ocean_post_title_background":0,"ocean_post_title_bg_image_position":"","ocean_post_title_bg_image_attachment":"","ocean_post_title_bg_image_repeat":"","ocean_post_title_bg_image_size":"","ocean_post_title_height":0,"ocean_post_title_bg_overlay":0.5,"ocean_post_title_bg_overlay_color":"","ocean_disable_breadcrumbs":"default","ocean_breadcrumbs_color":"","ocean_breadcrumbs_separator_color":"","ocean_breadcrumbs_links_color":"","ocean_breadcrumbs_links_hover_color":"","ocean_display_footer_widgets":"default","ocean_display_footer_bottom":"default","ocean_custom_footer_template":"","footnotes":""},"class_list":["post-2108","page","type-page","status-publish","hentry","entry"],"yoast_head":"<!-- This site is optimized with the Yoast SEO plugin v27.3 - https:\/\/yoast.com\/product\/yoast-seo-wordpress\/ -->\n<title>Informativa - Microtecnica Trevisana<\/title>\n<meta name=\"robots\" content=\"index, follow, max-snippet:-1, max-image-preview:large, max-video-preview:-1\" \/>\n<link rel=\"canonical\" href=\"https:\/\/www.microtecnicatrevisana.com\/de\/informativa\/\" \/>\n<meta property=\"og:locale\" content=\"de_DE\" \/>\n<meta property=\"og:type\" content=\"article\" \/>\n<meta property=\"og:title\" content=\"Informativa - Microtecnica Trevisana\" \/>\n<meta property=\"og:description\" content=\"Informationsschrift gem\u00e4\u00df Art. 13 der italienischen Gesetzesverordnung D.Lgs 196\/2003 und gem\u00e4\u00df den Artikeln 13-14 EU-Verordnung 2016\/679 Die durch das Ausf\u00fcllen dieses Formulars \u00fcbermittelten Daten werden auf Papier und elektronisch verarbeitet. Ihre Daten werden ausschlie\u00dflich zur Beantwortung Ihrer Anfrage verwendet. Die Bereitstellung der Daten und die Einwilligung zur Verarbeitung sind zwingend erforderlich, weil andernfalls keine E-Mail [&hellip;]\" \/>\n<meta property=\"og:url\" content=\"https:\/\/www.microtecnicatrevisana.com\/de\/informativa\/\" \/>\n<meta property=\"og:site_name\" content=\"Microtecnica Trevisana\" \/>\n<meta property=\"article:modified_time\" content=\"2021-10-20T09:44:16+00:00\" \/>\n<meta property=\"og:image\" content=\"https:\/\/www.microtecnicatrevisana.com\/wp-content\/uploads\/2021\/06\/miniatura-metallica.jpg\" \/>\n<meta name=\"twitter:card\" content=\"summary_large_image\" \/>\n<meta name=\"twitter:label1\" content=\"Gesch\u00e4tzte Lesezeit\" \/>\n\t<meta name=\"twitter:data1\" content=\"1\u00a0Minute\" \/>\n<script type=\"application\/ld+json\" class=\"yoast-schema-graph\">{\"@context\":\"https:\\\/\\\/schema.org\",\"@graph\":[{\"@type\":\"WebPage\",\"@id\":\"https:\\\/\\\/www.microtecnicatrevisana.com\\\/de\\\/informativa\\\/\",\"url\":\"https:\\\/\\\/www.microtecnicatrevisana.com\\\/de\\\/informativa\\\/\",\"name\":\"Informativa - Microtecnica Trevisana\",\"isPartOf\":{\"@id\":\"https:\\\/\\\/www.microtecnicatrevisana.com\\\/de\\\/#website\"},\"primaryImageOfPage\":{\"@id\":\"https:\\\/\\\/www.microtecnicatrevisana.com\\\/de\\\/informativa\\\/#primaryimage\"},\"image\":{\"@id\":\"https:\\\/\\\/www.microtecnicatrevisana.com\\\/de\\\/informativa\\\/#primaryimage\"},\"thumbnailUrl\":\"https:\\\/\\\/www.microtecnicatrevisana.com\\\/wp-content\\\/uploads\\\/2021\\\/06\\\/miniatura-metallica.jpg\",\"datePublished\":\"2021-10-20T09:43:42+00:00\",\"dateModified\":\"2021-10-20T09:44:16+00:00\",\"breadcrumb\":{\"@id\":\"https:\\\/\\\/www.microtecnicatrevisana.com\\\/de\\\/informativa\\\/#breadcrumb\"},\"inLanguage\":\"de\",\"potentialAction\":[{\"@type\":\"ReadAction\",\"target\":[\"https:\\\/\\\/www.microtecnicatrevisana.com\\\/de\\\/informativa\\\/\"]}]},{\"@type\":\"ImageObject\",\"inLanguage\":\"de\",\"@id\":\"https:\\\/\\\/www.microtecnicatrevisana.com\\\/de\\\/informativa\\\/#primaryimage\",\"url\":\"https:\\\/\\\/www.microtecnicatrevisana.com\\\/wp-content\\\/uploads\\\/2021\\\/06\\\/miniatura-metallica.jpg\",\"contentUrl\":\"https:\\\/\\\/www.microtecnicatrevisana.com\\\/wp-content\\\/uploads\\\/2021\\\/06\\\/miniatura-metallica.jpg\"},{\"@type\":\"BreadcrumbList\",\"@id\":\"https:\\\/\\\/www.microtecnicatrevisana.com\\\/de\\\/informativa\\\/#breadcrumb\",\"itemListElement\":[{\"@type\":\"ListItem\",\"position\":1,\"name\":\"Home\",\"item\":\"https:\\\/\\\/www.microtecnicatrevisana.com\\\/de\\\/\"},{\"@type\":\"ListItem\",\"position\":2,\"name\":\"Informativa\"}]},{\"@type\":\"WebSite\",\"@id\":\"https:\\\/\\\/www.microtecnicatrevisana.com\\\/de\\\/#website\",\"url\":\"https:\\\/\\\/www.microtecnicatrevisana.com\\\/de\\\/\",\"name\":\"Microtecnica Trevisana\",\"description\":\"\",\"publisher\":{\"@id\":\"https:\\\/\\\/www.microtecnicatrevisana.com\\\/de\\\/#organization\"},\"potentialAction\":[{\"@type\":\"SearchAction\",\"target\":{\"@type\":\"EntryPoint\",\"urlTemplate\":\"https:\\\/\\\/www.microtecnicatrevisana.com\\\/de\\\/?s={search_term_string}\"},\"query-input\":{\"@type\":\"PropertyValueSpecification\",\"valueRequired\":true,\"valueName\":\"search_term_string\"}}],\"inLanguage\":\"de\"},{\"@type\":\"Organization\",\"@id\":\"https:\\\/\\\/www.microtecnicatrevisana.com\\\/de\\\/#organization\",\"name\":\"Microtecnica Trevisana\",\"url\":\"https:\\\/\\\/www.microtecnicatrevisana.com\\\/de\\\/\",\"logo\":{\"@type\":\"ImageObject\",\"inLanguage\":\"de\",\"@id\":\"https:\\\/\\\/www.microtecnicatrevisana.com\\\/de\\\/#\\\/schema\\\/logo\\\/image\\\/\",\"url\":\"https:\\\/\\\/www.microtecnicatrevisana.com\\\/wp-content\\\/uploads\\\/2021\\\/11\\\/cropped-MICROTECNICA_TREVISANA_LOGO_ORIZZONTALE_POSITIVO.png\",\"contentUrl\":\"https:\\\/\\\/www.microtecnicatrevisana.com\\\/wp-content\\\/uploads\\\/2021\\\/11\\\/cropped-MICROTECNICA_TREVISANA_LOGO_ORIZZONTALE_POSITIVO.png\",\"width\":581,\"height\":99,\"caption\":\"Microtecnica Trevisana\"},\"image\":{\"@id\":\"https:\\\/\\\/www.microtecnicatrevisana.com\\\/de\\\/#\\\/schema\\\/logo\\\/image\\\/\"}}]}<\/script>\n<!-- \/ Yoast SEO plugin. -->","yoast_head_json":{"title":"Informativa - Microtecnica Trevisana","robots":{"index":"index","follow":"follow","max-snippet":"max-snippet:-1","max-image-preview":"max-image-preview:large","max-video-preview":"max-video-preview:-1"},"canonical":"https:\/\/www.microtecnicatrevisana.com\/de\/informativa\/","og_locale":"de_DE","og_type":"article","og_title":"Informativa - Microtecnica Trevisana","og_description":"Informationsschrift gem\u00e4\u00df Art. 13 der italienischen Gesetzesverordnung D.Lgs 196\/2003 und gem\u00e4\u00df den Artikeln 13-14 EU-Verordnung 2016\/679 Die durch das Ausf\u00fcllen dieses Formulars \u00fcbermittelten Daten werden auf Papier und elektronisch verarbeitet. Ihre Daten werden ausschlie\u00dflich zur Beantwortung Ihrer Anfrage verwendet. Die Bereitstellung der Daten und die Einwilligung zur Verarbeitung sind zwingend erforderlich, weil andernfalls keine E-Mail [&hellip;]","og_url":"https:\/\/www.microtecnicatrevisana.com\/de\/informativa\/","og_site_name":"Microtecnica Trevisana","article_modified_time":"2021-10-20T09:44:16+00:00","og_image":[{"url":"https:\/\/www.microtecnicatrevisana.com\/wp-content\/uploads\/2021\/06\/miniatura-metallica.jpg","type":"","width":"","height":""}],"twitter_card":"summary_large_image","twitter_misc":{"Gesch\u00e4tzte Lesezeit":"1\u00a0Minute"},"schema":{"@context":"https:\/\/schema.org","@graph":[{"@type":"WebPage","@id":"https:\/\/www.microtecnicatrevisana.com\/de\/informativa\/","url":"https:\/\/www.microtecnicatrevisana.com\/de\/informativa\/","name":"Informativa - Microtecnica Trevisana","isPartOf":{"@id":"https:\/\/www.microtecnicatrevisana.com\/de\/#website"},"primaryImageOfPage":{"@id":"https:\/\/www.microtecnicatrevisana.com\/de\/informativa\/#primaryimage"},"image":{"@id":"https:\/\/www.microtecnicatrevisana.com\/de\/informativa\/#primaryimage"},"thumbnailUrl":"https:\/\/www.microtecnicatrevisana.com\/wp-content\/uploads\/2021\/06\/miniatura-metallica.jpg","datePublished":"2021-10-20T09:43:42+00:00","dateModified":"2021-10-20T09:44:16+00:00","breadcrumb":{"@id":"https:\/\/www.microtecnicatrevisana.com\/de\/informativa\/#breadcrumb"},"inLanguage":"de","potentialAction":[{"@type":"ReadAction","target":["https:\/\/www.microtecnicatrevisana.com\/de\/informativa\/"]}]},{"@type":"ImageObject","inLanguage":"de","@id":"https:\/\/www.microtecnicatrevisana.com\/de\/informativa\/#primaryimage","url":"https:\/\/www.microtecnicatrevisana.com\/wp-content\/uploads\/2021\/06\/miniatura-metallica.jpg","contentUrl":"https:\/\/www.microtecnicatrevisana.com\/wp-content\/uploads\/2021\/06\/miniatura-metallica.jpg"},{"@type":"BreadcrumbList","@id":"https:\/\/www.microtecnicatrevisana.com\/de\/informativa\/#breadcrumb","itemListElement":[{"@type":"ListItem","position":1,"name":"Home","item":"https:\/\/www.microtecnicatrevisana.com\/de\/"},{"@type":"ListItem","position":2,"name":"Informativa"}]},{"@type":"WebSite","@id":"https:\/\/www.microtecnicatrevisana.com\/de\/#website","url":"https:\/\/www.microtecnicatrevisana.com\/de\/","name":"Microtecnica Trevisana","description":"","publisher":{"@id":"https:\/\/www.microtecnicatrevisana.com\/de\/#organization"},"potentialAction":[{"@type":"SearchAction","target":{"@type":"EntryPoint","urlTemplate":"https:\/\/www.microtecnicatrevisana.com\/de\/?s={search_term_string}"},"query-input":{"@type":"PropertyValueSpecification","valueRequired":true,"valueName":"search_term_string"}}],"inLanguage":"de"},{"@type":"Organization","@id":"https:\/\/www.microtecnicatrevisana.com\/de\/#organization","name":"Microtecnica Trevisana","url":"https:\/\/www.microtecnicatrevisana.com\/de\/","logo":{"@type":"ImageObject","inLanguage":"de","@id":"https:\/\/www.microtecnicatrevisana.com\/de\/#\/schema\/logo\/image\/","url":"https:\/\/www.microtecnicatrevisana.com\/wp-content\/uploads\/2021\/11\/cropped-MICROTECNICA_TREVISANA_LOGO_ORIZZONTALE_POSITIVO.png","contentUrl":"https:\/\/www.microtecnicatrevisana.com\/wp-content\/uploads\/2021\/11\/cropped-MICROTECNICA_TREVISANA_LOGO_ORIZZONTALE_POSITIVO.png","width":581,"height":99,"caption":"Microtecnica Trevisana"},"image":{"@id":"https:\/\/www.microtecnicatrevisana.com\/de\/#\/schema\/logo\/image\/"}}]}},"_links":{"self":[{"href":"https:\/\/www.microtecnicatrevisana.com\/de\/wp-json\/wp\/v2\/pages\/2108","targetHints":{"allow":["GET"]}}],"collection":[{"href":"https:\/\/www.microtecnicatrevisana.com\/de\/wp-json\/wp\/v2\/pages"}],"about":[{"href":"https:\/\/www.microtecnicatrevisana.com\/de\/wp-json\/wp\/v2\/types\/page"}],"author":[{"embeddable":true,"href":"https:\/\/www.microtecnicatrevisana.com\/de\/wp-json\/wp\/v2\/users\/1"}],"replies":[{"embeddable":true,"href":"https:\/\/www.microtecnicatrevisana.com\/de\/wp-json\/wp\/v2\/comments?post=2108"}],"version-history":[{"count":5,"href":"https:\/\/www.microtecnicatrevisana.com\/de\/wp-json\/wp\/v2\/pages\/2108\/revisions"}],"predecessor-version":[{"id":2113,"href":"https:\/\/www.microtecnicatrevisana.com\/de\/wp-json\/wp\/v2\/pages\/2108\/revisions\/2113"}],"wp:attachment":[{"href":"https:\/\/www.microtecnicatrevisana.com\/de\/wp-json\/wp\/v2\/media?parent=2108"}],"curies":[{"name":"wp","href":"https:\/\/api.w.org\/{rel}","templated":true}]}}